{"id":147,"date":"2021-10-27T11:22:39","date_gmt":"2021-10-27T11:22:39","guid":{"rendered":"http:\/\/liderotomotiv.com.tr\/?page_id=147"},"modified":"2021-11-05T09:32:20","modified_gmt":"2021-11-05T09:32:20","slug":"aku","status":"publish","type":"page","link":"http:\/\/liderotomotiv.com.tr\/index.php\/aku\/","title":{"rendered":"AK\u00dc"},"content":{"rendered":"\t\t<div data-elementor-type=\"wp-page\" data-elementor-id=\"147\" class=\"elementor elementor-147\" data-elementor-settings=\"[]\">\n\t\t\t\t\t\t\t<div class=\"elementor-section-wrap\">\n\t\t\t\t\t\t\t<section class=\"elementor-section elementor-top-section elementor-element elementor-element-1c1e18a elementor-section-boxed elementor-section-height-default elementor-section-height-default\" data-id=\"1c1e18a\" data-element_type=\"section\">\n\t\t\t\t\t\t<div class=\"elementor-container elementor-column-gap-default\">\n\t\t\t\t\t<div class=\"elementor-column elementor-col-100 elementor-top-column elementor-element elementor-element-45f7cbe\" data-id=\"45f7cbe\" data-element_type=\"column\">\n\t\t\t<div class=\"elementor-widget-wrap elementor-element-populated\">\n\t\t\t\t\t\t\t\t<section class=\"elementor-section elementor-inner-section elementor-element elementor-element-9110ff9 elementor-section-boxed elementor-section-height-default elementor-section-height-default\" data-id=\"9110ff9\" data-element_type=\"section\">\n\t\t\t\t\t\t<div class=\"elementor-container elementor-column-gap-default\">\n\t\t\t\t\t<div class=\"elementor-column elementor-col-50 elementor-inner-column elementor-element elementor-element-46c71b2\" data-id=\"46c71b2\" data-element_type=\"column\">\n\t\t\t<div class=\"elementor-widget-wrap elementor-element-populated\">\n\t\t\t\t\t\t\t\t<div class=\"elementor-element elementor-element-a1eebae elementor-widget elementor-widget-spacer\" data-id=\"a1eebae\" data-element_type=\"widget\" data-widget_type=\"spacer.default\">\n\t\t\t\t<div class=\"elementor-widget-container\">\n\t\t\t\t\t<div class=\"elementor-spacer\">\n\t\t\t<div class=\"elementor-spacer-inner\"><\/div>\n\t\t<\/div>\n\t\t\t\t<\/div>\n\t\t\t\t<\/div>\n\t\t\t\t<div class=\"elementor-element elementor-element-c0db750 elementor-align-left elementor-widget elementor-widget-button\" data-id=\"c0db750\" data-element_type=\"widget\" data-widget_type=\"button.default\">\n\t\t\t\t<div class=\"elementor-widget-container\">\n\t\t\t\t\t<div class=\"elementor-button-wrapper\">\n\t\t\t<a href=\"http:\/\/liderotomotiv.com.tr\/index.php\/aku\/\" class=\"elementor-button-link elementor-button elementor-size-sm elementor-animation-hang\" role=\"button\">\n\t\t\t\t\t\t<span class=\"elementor-button-content-wrapper\">\n\t\t\t\t\t\t<span class=\"elementor-button-text\">STAR STOP TEKNOLOJ\u0130S\u0130<\/span>\n\t\t<\/span>\n\t\t\t\t\t<\/a>\n\t\t<\/div>\n\t\t\t\t<\/div>\n\t\t\t\t<\/div>\n\t\t\t\t<div class=\"elementor-element elementor-element-b694e8a elementor-align-left elementor-widget elementor-widget-button\" data-id=\"b694e8a\" data-element_type=\"widget\" data-widget_type=\"button.default\">\n\t\t\t\t<div class=\"elementor-widget-container\">\n\t\t\t\t\t<div class=\"elementor-button-wrapper\">\n\t\t\t<a href=\"http:\/\/liderotomotiv.com.tr\/index.php\/agm\/\" class=\"elementor-button-link elementor-button elementor-size-sm elementor-animation-hang\" role=\"button\">\n\t\t\t\t\t\t<span class=\"elementor-button-content-wrapper\">\n\t\t\t\t\t\t<span class=\"elementor-button-text\">AGM \u0130LER\u0130 TEKNOLOJ\u0130S\u0130<\/span>\n\t\t<\/span>\n\t\t\t\t\t<\/a>\n\t\t<\/div>\n\t\t\t\t<\/div>\n\t\t\t\t<\/div>\n\t\t\t\t<div class=\"elementor-element elementor-element-20b4755 elementor-align-left elementor-widget elementor-widget-button\" data-id=\"20b4755\" data-element_type=\"widget\" data-widget_type=\"button.default\">\n\t\t\t\t<div class=\"elementor-widget-container\">\n\t\t\t\t\t<div class=\"elementor-button-wrapper\">\n\t\t\t<a href=\"http:\/\/liderotomotiv.com.tr\/index.php\/efm\/\" class=\"elementor-button-link elementor-button elementor-size-sm elementor-animation-hang\" role=\"button\">\n\t\t\t\t\t\t<span class=\"elementor-button-content-wrapper\">\n\t\t\t\t\t\t<span class=\"elementor-button-text\">EFM GEL\u0130\u015eM\u0130\u015e TEKNOLOJ\u0130S\u0130<\/span>\n\t\t<\/span>\n\t\t\t\t\t<\/a>\n\t\t<\/div>\n\t\t\t\t<\/div>\n\t\t\t\t<\/div>\n\t\t\t\t\t<\/div>\n\t\t<\/div>\n\t\t\t\t<div class=\"elementor-column elementor-col-50 elementor-inner-column elementor-element elementor-element-60068cf\" data-id=\"60068cf\" data-element_type=\"column\">\n\t\t\t<div class=\"elementor-widget-wrap elementor-element-populated\">\n\t\t\t\t\t\t\t\t<div class=\"elementor-element elementor-element-520f9c2 elementor-widget elementor-widget-image\" data-id=\"520f9c2\" data-element_type=\"widget\" data-widget_type=\"image.default\">\n\t\t\t\t<div class=\"elementor-widget-container\">\n\t\t\t\t\t\t\t\t\t\t\t\t\t\t\t<img width=\"1024\" height=\"345\" src=\"http:\/\/liderotomotiv.com.tr\/wp-content\/uploads\/2021\/11\/Sub-app_Start-Stop_2080x700-1024x345.jpg\" class=\"attachment-large size-large\" alt=\"\" loading=\"lazy\" srcset=\"http:\/\/liderotomotiv.com.tr\/wp-content\/uploads\/2021\/11\/Sub-app_Start-Stop_2080x700-1024x345.jpg 1024w, http:\/\/liderotomotiv.com.tr\/wp-content\/uploads\/2021\/11\/Sub-app_Start-Stop_2080x700-300x101.jpg 300w, http:\/\/liderotomotiv.com.tr\/wp-content\/uploads\/2021\/11\/Sub-app_Start-Stop_2080x700-768x258.jpg 768w, http:\/\/liderotomotiv.com.tr\/wp-content\/uploads\/2021\/11\/Sub-app_Start-Stop_2080x700-1536x517.jpg 1536w, http:\/\/liderotomotiv.com.tr\/wp-content\/uploads\/2021\/11\/Sub-app_Start-Stop_2080x700-2048x689.jpg 2048w, http:\/\/liderotomotiv.com.tr\/wp-content\/uploads\/2021\/11\/Sub-app_Start-Stop_2080x700-1200x404.jpg 1200w, http:\/\/liderotomotiv.com.tr\/wp-content\/uploads\/2021\/11\/Sub-app_Start-Stop_2080x700-1980x666.jpg 1980w\" sizes=\"(max-width: 1024px) 100vw, 1024px\" \/>\t\t\t\t\t\t\t\t\t\t\t\t\t\t\t<\/div>\n\t\t\t\t<\/div>\n\t\t\t\t<div class=\"elementor-element elementor-element-a527472 elementor-widget elementor-widget-heading\" data-id=\"a527472\" data-element_type=\"widget\" data-widget_type=\"heading.default\">\n\t\t\t\t<div class=\"elementor-widget-container\">\n\t\t\t<h3 class=\"elementor-heading-title elementor-size-large\">STAR STOP TEKNOLOJ\u0130S\u0130<\/h3>\t\t<\/div>\n\t\t\t\t<\/div>\n\t\t\t\t<div class=\"elementor-element elementor-element-8818aef elementor-widget elementor-widget-text-editor\" data-id=\"8818aef\" data-element_type=\"widget\" data-widget_type=\"text-editor.default\">\n\t\t\t\t<div class=\"elementor-widget-container\">\n\t\t\t\t\t\t\t<p>Start-stop sistemleri motoru otomatik olarak kapat\u0131p tekrar \u00e7al\u0131\u015ft\u0131rarak, r\u00f6lanti s\u00fcresini k\u0131salt\u0131r ve dolay\u0131s\u0131yla da yak\u0131t t\u00fcketimini ve emisyonu d\u00fc\u015f\u00fcr\u00fcr. \u00dcreticilerin b\u00fcy\u00fck \u00e7o\u011funlu\u011fu, \u00fcretim hatt\u0131ndan \u00e7\u0131kan start-stop i\u015flevli ara\u00e7lar\u0131na VARTA<sup>\u00ae<\/sup>\u00a0ak\u00fclerini monte etmeyi tercih eder.<br \/><br \/>Ak\u00fc araban\u0131n kalbidir. Mar\u015ftan devaml\u0131 \u00e7al\u0131\u015fan elektrikli ara\u00e7 sistemlerine ve ara\u00e7 i\u00e7i e\u011flence sistemlerine kadar her \u015feyi \u00e7al\u0131\u015ft\u0131ran odur. Start-stop s\u00fcrecinde ak\u00fc t\u00fcm di\u011fer \u00f6zelliklere devaml\u0131 olarak g\u00fc\u00e7 g\u00f6nderir. Bu ak\u00fclerin sadece arabay\u0131 ba\u015flatmaktan daha fazlas\u0131n\u0131 yapmas\u0131 gerekir. \u0130\u015fte bu y\u00fczden, AK\u00dc arac\u0131n\u0131z\u0131n KALB\u0130D\u0130R.<br \/><br \/>G\u00fcn\u00fcm\u00fczde yeni arabalar\u0131n \u00e7o\u011funda start-stop \u00f6zelli\u011fi bulunmaktad\u0131r. Biz de bu y\u00fczden start-stop i\u015flevine sahip iki yenilik\u00e7i VARTA<sup>\u00ae<\/sup>\u00a0ak\u00fcs\u00fc geli\u015ftirdik: Rejeneratif frenleme sistemi olan geli\u015fmi\u015f start-stop \u00f6zellikli ara\u00e7lar i\u00e7in<a href=\"https:\/\/www.tr.varta-automotive.com\/tr-tr\/teknoloji\/teknoloji\">\u00a0AGM teknolojisine<\/a>\u00a0sahip VARTA<sup>\u00ae<\/sup>\u00a0Silver Dynamic ile geleneksel start-stop i\u015flevli ara\u00e7lar i\u00e7in<a href=\"https:\/\/www.tr.varta-automotive.com\/tr-tr\/teknoloji\/efb-aku-teknolojisi\">\u00a0EFB teknolojisine<\/a>\u00a0sahip Blue Dynamic.<\/p>\t\t\t\t\t\t<\/div>\n\t\t\t\t<\/div>\n\t\t\t\t<div class=\"elementor-element elementor-element-9d17716 elementor-widget elementor-widget-text-editor\" data-id=\"9d17716\" data-element_type=\"widget\" data-widget_type=\"text-editor.default\">\n\t\t\t\t<div class=\"elementor-widget-container\">\n\t\t\t\t\t\t\t<h2>S\u00fcrme ve H\u0131zlanma<\/h2><p>Ara\u00e7lardaki modern enerji y\u00f6netim sistemleri, ara\u00e7 h\u0131zlan\u0131rken ve normal seyir \u015fartlar\u0131nda dinamo ile ak\u00fc aras\u0131ndaki ba\u011flant\u0131y\u0131 keser. Dolay\u0131s\u0131yla motor taraf\u0131ndan \u00fcretilen enerjinin b\u00fcy\u00fck bir k\u0131sm\u0131 arac\u0131n hareket ettirilmesinde kullan\u0131lmaktad\u0131r. Ak\u00fcn\u00fcn \u015farj durumu \u00f6nceden tan\u0131mlanm\u0131\u015f belli bir s\u0131n\u0131r\u0131n alt\u0131na indi\u011finde ise ak\u00fc tekrar dinamoya ba\u011flanmaktad\u0131r.<\/p><p><em>Ak\u00fcden beklenen \u00f6zellikler:<\/em><\/p><p>Ak\u00fc de\u015farj ve yeniden \u015farj edilmekte ve b\u00fct\u00fcn elektronik cihazlar\u0131 kendi ba\u015f\u0131na enerji ile besleyebilmelidir.<\/p>\t\t\t\t\t\t<\/div>\n\t\t\t\t<\/div>\n\t\t\t\t<div class=\"elementor-element elementor-element-6d6874f elementor-widget elementor-widget-text-editor\" data-id=\"6d6874f\" data-element_type=\"widget\" data-widget_type=\"text-editor.default\">\n\t\t\t\t<div class=\"elementor-widget-container\">\n\t\t\t\t\t\t\t<h2>Durma ve Motor Kapatma<\/h2><p>Ara\u00e7 durduruldu\u011funda Start-Stop sistemi motoru otomatikman kapat\u0131r.<\/p><p><i>Ak\u00fcden beklenen \u00f6zellikler:<\/i><\/p><p><i><\/i>Ak\u00fc tamamen de\u015farj olmu\u015f durumda bile mar\u015f motoruna arac\u0131n motorunu \u00e7al\u0131\u015ft\u0131rabilmeye yetecek kadar enerji verebilecek rezervlere sahip olmal\u0131d\u0131r.<\/p>\t\t\t\t\t\t<\/div>\n\t\t\t\t<\/div>\n\t\t\t\t<div class=\"elementor-element elementor-element-0bff71f elementor-widget elementor-widget-text-editor\" data-id=\"0bff71f\" data-element_type=\"widget\" data-widget_type=\"text-editor.default\">\n\t\t\t\t<div class=\"elementor-widget-container\">\n\t\t\t\t\t\t\t<h2>S\u00fcrme ve H\u0131zlanma<\/h2><p>Ara\u00e7lardaki modern enerji y\u00f6netim sistemleri, ara\u00e7 h\u0131zlan\u0131rken ve normal seyir \u015fartlar\u0131nda dinamo ile ak\u00fc aras\u0131ndaki ba\u011flant\u0131y\u0131 keser. Dolay\u0131s\u0131yla motor taraf\u0131ndan \u00fcretilen enerjinin b\u00fcy\u00fck bir k\u0131sm\u0131 arac\u0131n hareket ettirilmesinde kullan\u0131lmaktad\u0131r. Ak\u00fcn\u00fcn \u015farj durumu \u00f6nceden tan\u0131mlanm\u0131\u015f belli bir s\u0131n\u0131r\u0131n alt\u0131na indi\u011finde ise ak\u00fc tekrar dinamoya ba\u011flanmaktad\u0131r.<\/p><p><em>Ak\u00fcden beklenen \u00f6zellikler:<\/em><\/p><p>Ak\u00fc de\u015farj ve yeniden \u015farj edilmekte ve b\u00fct\u00fcn elektronik cihazlar\u0131 kendi ba\u015f\u0131na enerji ile besleyebilmelidir.<\/p>\t\t\t\t\t\t<\/div>\n\t\t\t\t<\/div>\n\t\t\t\t\t<\/div>\n\t\t<\/div>\n\t\t\t\t\t\t\t<\/div>\n\t\t<\/section>\n\t\t\t\t\t<\/div>\n\t\t<\/div>\n\t\t\t\t\t\t\t<\/div>\n\t\t<\/section>\n\t\t\t\t\t\t<\/div>\n\t\t\t\t\t<\/div>\n\t\t","protected":false},"excerpt":{"rendered":"<p>STAR STOP TEKNOLOJ\u0130S\u0130 AGM \u0130LER\u0130 TEKNOLOJ\u0130S\u0130 EFM GEL\u0130\u015eM\u0130\u015e TEKNOLOJ\u0130S\u0130 STAR STOP TEKNOLOJ\u0130S\u0130 Start-stop sistemleri motoru otomatik olarak kapat\u0131p tekrar \u00e7al\u0131\u015ft\u0131rarak, r\u00f6lanti s\u00fcresini k\u0131salt\u0131r ve dolay\u0131s\u0131yla da yak\u0131t t\u00fcketimini ve emisyonu d\u00fc\u015f\u00fcr\u00fcr. \u00dcreticilerin b\u00fcy\u00fck \u00e7o\u011funlu\u011fu, \u00fcretim hatt\u0131ndan \u00e7\u0131kan start-stop i\u015flevli ara\u00e7lar\u0131na VARTA\u00ae\u00a0ak\u00fclerini monte etmeyi tercih eder. Ak\u00fc araban\u0131n kalbidir. Mar\u015ftan devaml\u0131 \u00e7al\u0131\u015fan elektrikli ara\u00e7 sistemlerine ve<\/p>\n<footer><a title=\"AK\u00dc\" id=\"read-more\" href=\"http:\/\/liderotomotiv.com.tr\/index.php\/aku\/\"><i class=\"icon\"><\/i>Read More<\/a><\/footer>\n","protected":false},"author":1,"featured_media":0,"parent":0,"menu_order":0,"comment_status":"closed","ping_status":"closed","template":"template-parts\/template-fullwidth.php","meta":[],"yoast_head":"<!-- This site is optimized with the Yoast SEO plugin v17.4 - https:\/\/yoast.com\/wordpress\/plugins\/seo\/ -->\n<title>AK\u00dc - L\u0130DER OTOMOT\u0130V<\/title>\n<meta name=\"description\" content=\"denizli ak\u00fc , ak\u00fc denizli , denizli yol yard\u0131m , varta ak\u00fc denizli , varta ak\u00fc , uygun fiyatl\u0131 ak\u00fc\" \/>\n<meta name=\"robots\" content=\"index, follow, max-snippet:-1, max-image-preview:large, max-video-preview:-1\" \/>\n<link rel=\"canonical\" href=\"http:\/\/liderotomotiv.com.tr\/index.php\/aku\/\" \/>\n<meta property=\"og:locale\" content=\"tr_TR\" \/>\n<meta property=\"og:type\" content=\"article\" \/>\n<meta property=\"og:title\" content=\"AK\u00dc - L\u0130DER OTOMOT\u0130V\" \/>\n<meta property=\"og:description\" content=\"denizli ak\u00fc , ak\u00fc denizli , denizli yol yard\u0131m , varta ak\u00fc denizli , varta ak\u00fc , uygun fiyatl\u0131 ak\u00fc\" \/>\n<meta property=\"og:url\" content=\"http:\/\/liderotomotiv.com.tr\/index.php\/aku\/\" \/>\n<meta property=\"og:site_name\" content=\"L\u0130DER OTOMOT\u0130V\" \/>\n<meta property=\"article:modified_time\" content=\"2021-11-05T09:32:20+00:00\" \/>\n<meta property=\"og:image\" content=\"http:\/\/liderotomotiv.com.tr\/wp-content\/uploads\/2021\/11\/Sub-app_Start-Stop_2080x700-1024x345.jpg\" \/>\n<meta name=\"twitter:card\" content=\"summary_large_image\" \/>\n<meta name=\"twitter:label1\" content=\"Tahmini okuma s\u00fcresi\" \/>\n\t<meta name=\"twitter:data1\" content=\"2 dakika\" \/>\n<script type=\"application\/ld+json\" class=\"yoast-schema-graph\">{\"@context\":\"https:\/\/schema.org\",\"@graph\":[{\"@type\":\"WebSite\",\"@id\":\"http:\/\/liderotomotiv.com.tr\/#website\",\"url\":\"http:\/\/liderotomotiv.com.tr\/\",\"name\":\"L\\u0130DER OTOMOT\\u0130V\",\"description\":\"\",\"potentialAction\":[{\"@type\":\"SearchAction\",\"target\":{\"@type\":\"EntryPoint\",\"urlTemplate\":\"http:\/\/liderotomotiv.com.tr\/?s={search_term_string}\"},\"query-input\":\"required name=search_term_string\"}],\"inLanguage\":\"tr\"},{\"@type\":\"ImageObject\",\"@id\":\"http:\/\/liderotomotiv.com.tr\/index.php\/aku\/#primaryimage\",\"inLanguage\":\"tr\",\"url\":\"http:\/\/liderotomotiv.com.tr\/wp-content\/uploads\/2021\/11\/Sub-app_Start-Stop_2080x700.jpg\",\"contentUrl\":\"http:\/\/liderotomotiv.com.tr\/wp-content\/uploads\/2021\/11\/Sub-app_Start-Stop_2080x700.jpg\",\"width\":2080,\"height\":700},{\"@type\":\"WebPage\",\"@id\":\"http:\/\/liderotomotiv.com.tr\/index.php\/aku\/#webpage\",\"url\":\"http:\/\/liderotomotiv.com.tr\/index.php\/aku\/\",\"name\":\"AK\\u00dc - L\\u0130DER OTOMOT\\u0130V\",\"isPartOf\":{\"@id\":\"http:\/\/liderotomotiv.com.tr\/#website\"},\"primaryImageOfPage\":{\"@id\":\"http:\/\/liderotomotiv.com.tr\/index.php\/aku\/#primaryimage\"},\"datePublished\":\"2021-10-27T11:22:39+00:00\",\"dateModified\":\"2021-11-05T09:32:20+00:00\",\"description\":\"denizli ak\\u00fc , ak\\u00fc denizli , denizli yol yard\\u0131m , varta ak\\u00fc denizli , varta ak\\u00fc , uygun fiyatl\\u0131 ak\\u00fc\",\"breadcrumb\":{\"@id\":\"http:\/\/liderotomotiv.com.tr\/index.php\/aku\/#breadcrumb\"},\"inLanguage\":\"tr\",\"potentialAction\":[{\"@type\":\"ReadAction\",\"target\":[\"http:\/\/liderotomotiv.com.tr\/index.php\/aku\/\"]}]},{\"@type\":\"BreadcrumbList\",\"@id\":\"http:\/\/liderotomotiv.com.tr\/index.php\/aku\/#breadcrumb\",\"itemListElement\":[{\"@type\":\"ListItem\",\"position\":1,\"name\":\"Anasayfa\",\"item\":\"http:\/\/liderotomotiv.com.tr\/\"},{\"@type\":\"ListItem\",\"position\":2,\"name\":\"AK\\u00dc\"}]}]}<\/script>\n<!-- \/ Yoast SEO plugin. -->","yoast_head_json":{"title":"AK\u00dc - L\u0130DER OTOMOT\u0130V","description":"denizli ak\u00fc , ak\u00fc denizli , denizli yol yard\u0131m , varta ak\u00fc denizli , varta ak\u00fc , uygun fiyatl\u0131 ak\u00fc","robots":{"index":"index","follow":"follow","max-snippet":"max-snippet:-1","max-image-preview":"max-image-preview:large","max-video-preview":"max-video-preview:-1"},"canonical":"http:\/\/liderotomotiv.com.tr\/index.php\/aku\/","og_locale":"tr_TR","og_type":"article","og_title":"AK\u00dc - L\u0130DER OTOMOT\u0130V","og_description":"denizli ak\u00fc , ak\u00fc denizli , denizli yol yard\u0131m , varta ak\u00fc denizli , varta ak\u00fc , uygun fiyatl\u0131 ak\u00fc","og_url":"http:\/\/liderotomotiv.com.tr\/index.php\/aku\/","og_site_name":"L\u0130DER OTOMOT\u0130V","article_modified_time":"2021-11-05T09:32:20+00:00","og_image":[{"url":"http:\/\/liderotomotiv.com.tr\/wp-content\/uploads\/2021\/11\/Sub-app_Start-Stop_2080x700-1024x345.jpg"}],"twitter_card":"summary_large_image","twitter_misc":{"Tahmini okuma s\u00fcresi":"2 dakika"},"schema":{"@context":"https:\/\/schema.org","@graph":[{"@type":"WebSite","@id":"http:\/\/liderotomotiv.com.tr\/#website","url":"http:\/\/liderotomotiv.com.tr\/","name":"L\u0130DER OTOMOT\u0130V","description":"","potentialAction":[{"@type":"SearchAction","target":{"@type":"EntryPoint","urlTemplate":"http:\/\/liderotomotiv.com.tr\/?s={search_term_string}"},"query-input":"required name=search_term_string"}],"inLanguage":"tr"},{"@type":"ImageObject","@id":"http:\/\/liderotomotiv.com.tr\/index.php\/aku\/#primaryimage","inLanguage":"tr","url":"http:\/\/liderotomotiv.com.tr\/wp-content\/uploads\/2021\/11\/Sub-app_Start-Stop_2080x700.jpg","contentUrl":"http:\/\/liderotomotiv.com.tr\/wp-content\/uploads\/2021\/11\/Sub-app_Start-Stop_2080x700.jpg","width":2080,"height":700},{"@type":"WebPage","@id":"http:\/\/liderotomotiv.com.tr\/index.php\/aku\/#webpage","url":"http:\/\/liderotomotiv.com.tr\/index.php\/aku\/","name":"AK\u00dc - L\u0130DER OTOMOT\u0130V","isPartOf":{"@id":"http:\/\/liderotomotiv.com.tr\/#website"},"primaryImageOfPage":{"@id":"http:\/\/liderotomotiv.com.tr\/index.php\/aku\/#primaryimage"},"datePublished":"2021-10-27T11:22:39+00:00","dateModified":"2021-11-05T09:32:20+00:00","description":"denizli ak\u00fc , ak\u00fc denizli , denizli yol yard\u0131m , varta ak\u00fc denizli , varta ak\u00fc , uygun fiyatl\u0131 ak\u00fc","breadcrumb":{"@id":"http:\/\/liderotomotiv.com.tr\/index.php\/aku\/#breadcrumb"},"inLanguage":"tr","potentialAction":[{"@type":"ReadAction","target":["http:\/\/liderotomotiv.com.tr\/index.php\/aku\/"]}]},{"@type":"BreadcrumbList","@id":"http:\/\/liderotomotiv.com.tr\/index.php\/aku\/#breadcrumb","itemListElement":[{"@type":"ListItem","position":1,"name":"Anasayfa","item":"http:\/\/liderotomotiv.com.tr\/"},{"@type":"ListItem","position":2,"name":"AK\u00dc"}]}]}},"_links":{"self":[{"href":"http:\/\/liderotomotiv.com.tr\/index.php\/wp-json\/wp\/v2\/pages\/147"}],"collection":[{"href":"http:\/\/liderotomotiv.com.tr\/index.php\/wp-json\/wp\/v2\/pages"}],"about":[{"href":"http:\/\/liderotomotiv.com.tr\/index.php\/wp-json\/wp\/v2\/types\/page"}],"author":[{"embeddable":true,"href":"http:\/\/liderotomotiv.com.tr\/index.php\/wp-json\/wp\/v2\/users\/1"}],"replies":[{"embeddable":true,"href":"http:\/\/liderotomotiv.com.tr\/index.php\/wp-json\/wp\/v2\/comments?post=147"}],"version-history":[{"count":71,"href":"http:\/\/liderotomotiv.com.tr\/index.php\/wp-json\/wp\/v2\/pages\/147\/revisions"}],"predecessor-version":[{"id":621,"href":"http:\/\/liderotomotiv.com.tr\/index.php\/wp-json\/wp\/v2\/pages\/147\/revisions\/621"}],"wp:attachment":[{"href":"http:\/\/liderotomotiv.com.tr\/index.php\/wp-json\/wp\/v2\/media?parent=147"}],"curies":[{"name":"wp","href":"https:\/\/api.w.org\/{rel}","templated":true}]}}