{"id":148,"date":"2021-10-27T11:22:39","date_gmt":"2021-10-27T11:22:39","guid":{"rendered":"http:\/\/liderotomotiv.com.tr\/?page_id=148"},"modified":"2021-10-28T14:30:50","modified_gmt":"2021-10-28T14:30:50","slug":"oto-klima","status":"publish","type":"page","link":"http:\/\/liderotomotiv.com.tr\/index.php\/oto-klima\/","title":{"rendered":"OTO KL\u0130MA"},"content":{"rendered":"\t\t<div data-elementor-type=\"wp-page\" data-elementor-id=\"148\" class=\"elementor elementor-148\" data-elementor-settings=\"[]\">\n\t\t\t\t\t\t\t<div class=\"elementor-section-wrap\">\n\t\t\t\t\t\t\t<section class=\"elementor-section elementor-top-section elementor-element elementor-element-416af1e elementor-section-content-middle elementor-section-stretched elementor-section-boxed elementor-section-height-default elementor-section-height-default\" data-id=\"416af1e\" data-element_type=\"section\" data-settings=\"{&quot;stretch_section&quot;:&quot;section-stretched&quot;}\">\n\t\t\t\t\t\t<div class=\"elementor-container elementor-column-gap-default\">\n\t\t\t\t\t<div class=\"elementor-column elementor-col-50 elementor-top-column elementor-element elementor-element-81daf9a\" data-id=\"81daf9a\" data-element_type=\"column\">\n\t\t\t<div class=\"elementor-widget-wrap elementor-element-populated\">\n\t\t\t\t\t\t\t\t<div class=\"elementor-element elementor-element-73b04d6 elementor-widget elementor-widget-heading\" data-id=\"73b04d6\" data-element_type=\"widget\" data-widget_type=\"heading.default\">\n\t\t\t\t<div class=\"elementor-widget-container\">\n\t\t\t<h3 class=\"elementor-heading-title elementor-size-large\">SANDEN OTO KL\u0130MA<\/h3>\t\t<\/div>\n\t\t\t\t<\/div>\n\t\t\t\t<div class=\"elementor-element elementor-element-a22b40a elementor-widget elementor-widget-text-editor\" data-id=\"a22b40a\" data-element_type=\"widget\" data-widget_type=\"text-editor.default\">\n\t\t\t\t<div class=\"elementor-widget-container\">\n\t\t\t\t\t\t\t\t\t\t\t\t\t<\/div>\n\t\t\t\t<\/div>\n\t\t\t\t\t<\/div>\n\t\t<\/div>\n\t\t\t\t<div class=\"elementor-column elementor-col-50 elementor-top-column elementor-element elementor-element-37782dc\" data-id=\"37782dc\" data-element_type=\"column\">\n\t\t\t<div class=\"elementor-widget-wrap elementor-element-populated\">\n\t\t\t\t\t\t\t\t<div class=\"elementor-element elementor-element-58f7159 elementor-widget elementor-widget-image\" data-id=\"58f7159\" data-element_type=\"widget\" data-widget_type=\"image.default\">\n\t\t\t\t<div class=\"elementor-widget-container\">\n\t\t\t\t\t\t\t\t\t\t\t\t\t\t\t<img width=\"490\" height=\"331\" src=\"http:\/\/liderotomotiv.com.tr\/wp-content\/uploads\/2021\/10\/otoklima1-removebg-preview.png\" class=\"attachment-medium_large size-medium_large\" alt=\"\" loading=\"lazy\" srcset=\"http:\/\/liderotomotiv.com.tr\/wp-content\/uploads\/2021\/10\/otoklima1-removebg-preview.png 490w, http:\/\/liderotomotiv.com.tr\/wp-content\/uploads\/2021\/10\/otoklima1-removebg-preview-300x203.png 300w\" sizes=\"(max-width: 490px) 100vw, 490px\" \/>\t\t\t\t\t\t\t\t\t\t\t\t\t\t\t<\/div>\n\t\t\t\t<\/div>\n\t\t\t\t\t<\/div>\n\t\t<\/div>\n\t\t\t\t\t\t\t<\/div>\n\t\t<\/section>\n\t\t\t\t<section class=\"elementor-section elementor-top-section elementor-element elementor-element-542d907 elementor-section-content-middle elementor-reverse-mobile elementor-section-boxed elementor-section-height-default elementor-section-height-default\" data-id=\"542d907\" data-element_type=\"section\">\n\t\t\t\t\t\t<div class=\"elementor-container elementor-column-gap-default\">\n\t\t\t\t\t<div class=\"elementor-column elementor-col-50 elementor-top-column elementor-element elementor-element-23d1eff\" data-id=\"23d1eff\" data-element_type=\"column\">\n\t\t\t<div class=\"elementor-widget-wrap elementor-element-populated\">\n\t\t\t\t\t\t\t\t<div class=\"elementor-element elementor-element-8539d5e elementor-widget elementor-widget-image\" data-id=\"8539d5e\" data-element_type=\"widget\" data-widget_type=\"image.default\">\n\t\t\t\t<div class=\"elementor-widget-container\">\n\t\t\t\t\t\t\t\t\t\t\t\t\t\t\t<img width=\"490\" height=\"331\" src=\"http:\/\/liderotomotiv.com.tr\/wp-content\/uploads\/2021\/10\/otoklima1-removebg-preview.png\" class=\"attachment-medium_large size-medium_large\" alt=\"\" loading=\"lazy\" srcset=\"http:\/\/liderotomotiv.com.tr\/wp-content\/uploads\/2021\/10\/otoklima1-removebg-preview.png 490w, http:\/\/liderotomotiv.com.tr\/wp-content\/uploads\/2021\/10\/otoklima1-removebg-preview-300x203.png 300w\" sizes=\"(max-width: 490px) 100vw, 490px\" \/>\t\t\t\t\t\t\t\t\t\t\t\t\t\t\t<\/div>\n\t\t\t\t<\/div>\n\t\t\t\t\t<\/div>\n\t\t<\/div>\n\t\t\t\t<div class=\"elementor-column elementor-col-50 elementor-top-column elementor-element elementor-element-94d3546\" data-id=\"94d3546\" data-element_type=\"column\">\n\t\t\t<div class=\"elementor-widget-wrap elementor-element-populated\">\n\t\t\t\t\t\t\t\t<div class=\"elementor-element elementor-element-975f9b0 elementor-widget elementor-widget-heading\" data-id=\"975f9b0\" data-element_type=\"widget\" data-widget_type=\"heading.default\">\n\t\t\t\t<div class=\"elementor-widget-container\">\n\t\t\t<h3 class=\"elementor-heading-title elementor-size-large\">DOOWON OTO KL\u0130MA<\/h3>\t\t<\/div>\n\t\t\t\t<\/div>\n\t\t\t\t<div class=\"elementor-element elementor-element-19a7f03 elementor-widget elementor-widget-text-editor\" data-id=\"19a7f03\" data-element_type=\"widget\" data-widget_type=\"text-editor.default\">\n\t\t\t\t<div class=\"elementor-widget-container\">\n\t\t\t\t\t\t\t\t\t\t\t\t\t<\/div>\n\t\t\t\t<\/div>\n\t\t\t\t\t<\/div>\n\t\t<\/div>\n\t\t\t\t\t\t\t<\/div>\n\t\t<\/section>\n\t\t\t\t<section class=\"elementor-section elementor-top-section elementor-element elementor-element-9b576a6 elementor-section-content-middle elementor-section-boxed elementor-section-height-default elementor-section-height-default\" data-id=\"9b576a6\" data-element_type=\"section\">\n\t\t\t\t\t\t<div class=\"elementor-container elementor-column-gap-default\">\n\t\t\t\t\t<div class=\"elementor-column elementor-col-50 elementor-top-column elementor-element elementor-element-b096973\" data-id=\"b096973\" data-element_type=\"column\">\n\t\t\t<div class=\"elementor-widget-wrap elementor-element-populated\">\n\t\t\t\t\t\t\t\t<div class=\"elementor-element elementor-element-fc40fba elementor-widget elementor-widget-heading\" data-id=\"fc40fba\" data-element_type=\"widget\" data-widget_type=\"heading.default\">\n\t\t\t\t<div class=\"elementor-widget-container\">\n\t\t\t<h3 class=\"elementor-heading-title elementor-size-large\">HANON OTO KL\u0130MA<\/h3>\t\t<\/div>\n\t\t\t\t<\/div>\n\t\t\t\t<div class=\"elementor-element elementor-element-cf4db30 elementor-widget elementor-widget-text-editor\" data-id=\"cf4db30\" data-element_type=\"widget\" data-widget_type=\"text-editor.default\">\n\t\t\t\t<div class=\"elementor-widget-container\">\n\t\t\t\t\t\t\t\t\t\t\t\t\t<\/div>\n\t\t\t\t<\/div>\n\t\t\t\t\t<\/div>\n\t\t<\/div>\n\t\t\t\t<div class=\"elementor-column elementor-col-50 elementor-top-column elementor-element elementor-element-5c644ad\" data-id=\"5c644ad\" data-element_type=\"column\">\n\t\t\t<div class=\"elementor-widget-wrap elementor-element-populated\">\n\t\t\t\t\t\t\t\t<div class=\"elementor-element elementor-element-5624cd8 elementor-widget elementor-widget-image\" data-id=\"5624cd8\" data-element_type=\"widget\" data-widget_type=\"image.default\">\n\t\t\t\t<div class=\"elementor-widget-container\">\n\t\t\t\t\t\t\t\t\t\t\t\t\t\t\t<img width=\"490\" height=\"331\" src=\"http:\/\/liderotomotiv.com.tr\/wp-content\/uploads\/2021\/10\/otoklima1-removebg-preview.png\" class=\"attachment-medium_large size-medium_large\" alt=\"\" loading=\"lazy\" srcset=\"http:\/\/liderotomotiv.com.tr\/wp-content\/uploads\/2021\/10\/otoklima1-removebg-preview.png 490w, http:\/\/liderotomotiv.com.tr\/wp-content\/uploads\/2021\/10\/otoklima1-removebg-preview-300x203.png 300w\" sizes=\"(max-width: 490px) 100vw, 490px\" \/>\t\t\t\t\t\t\t\t\t\t\t\t\t\t\t<\/div>\n\t\t\t\t<\/div>\n\t\t\t\t\t<\/div>\n\t\t<\/div>\n\t\t\t\t\t\t\t<\/div>\n\t\t<\/section>\n\t\t\t\t<section class=\"elementor-section elementor-top-section elementor-element elementor-element-142af71 elementor-section-content-middle elementor-reverse-mobile elementor-section-boxed elementor-section-height-default elementor-section-height-default\" data-id=\"142af71\" data-element_type=\"section\">\n\t\t\t\t\t\t<div class=\"elementor-container elementor-column-gap-default\">\n\t\t\t\t\t<div class=\"elementor-column elementor-col-50 elementor-top-column elementor-element elementor-element-839a00b\" data-id=\"839a00b\" data-element_type=\"column\">\n\t\t\t<div class=\"elementor-widget-wrap elementor-element-populated\">\n\t\t\t\t\t\t\t\t<div class=\"elementor-element elementor-element-cc1dc4b elementor-widget elementor-widget-image\" data-id=\"cc1dc4b\" data-element_type=\"widget\" data-widget_type=\"image.default\">\n\t\t\t\t<div class=\"elementor-widget-container\">\n\t\t\t\t\t\t\t\t\t\t\t\t\t\t\t<img width=\"490\" height=\"331\" src=\"http:\/\/liderotomotiv.com.tr\/wp-content\/uploads\/2021\/10\/otoklima1-removebg-preview.png\" class=\"attachment-medium_large size-medium_large\" alt=\"\" loading=\"lazy\" srcset=\"http:\/\/liderotomotiv.com.tr\/wp-content\/uploads\/2021\/10\/otoklima1-removebg-preview.png 490w, http:\/\/liderotomotiv.com.tr\/wp-content\/uploads\/2021\/10\/otoklima1-removebg-preview-300x203.png 300w\" sizes=\"(max-width: 490px) 100vw, 490px\" \/>\t\t\t\t\t\t\t\t\t\t\t\t\t\t\t<\/div>\n\t\t\t\t<\/div>\n\t\t\t\t\t<\/div>\n\t\t<\/div>\n\t\t\t\t<div class=\"elementor-column elementor-col-50 elementor-top-column elementor-element elementor-element-8cafe18\" data-id=\"8cafe18\" data-element_type=\"column\">\n\t\t\t<div class=\"elementor-widget-wrap elementor-element-populated\">\n\t\t\t\t\t\t\t\t<div class=\"elementor-element elementor-element-d79b112 elementor-widget elementor-widget-heading\" data-id=\"d79b112\" data-element_type=\"widget\" data-widget_type=\"heading.default\">\n\t\t\t\t<div class=\"elementor-widget-container\">\n\t\t\t<h3 class=\"elementor-heading-title elementor-size-large\">WUTSE OTO KL\u0130MA<\/h3>\t\t<\/div>\n\t\t\t\t<\/div>\n\t\t\t\t<div class=\"elementor-element elementor-element-350668d elementor-widget elementor-widget-text-editor\" data-id=\"350668d\" data-element_type=\"widget\" data-widget_type=\"text-editor.default\">\n\t\t\t\t<div class=\"elementor-widget-container\">\n\t\t\t\t\t\t\t\t\t\t\t\t\t<\/div>\n\t\t\t\t<\/div>\n\t\t\t\t\t<\/div>\n\t\t<\/div>\n\t\t\t\t\t\t\t<\/div>\n\t\t<\/section>\n\t\t\t\t<section class=\"elementor-section elementor-top-section elementor-element elementor-element-ce421a5 elementor-section-content-middle elementor-section-boxed elementor-section-height-default elementor-section-height-default\" data-id=\"ce421a5\" data-element_type=\"section\">\n\t\t\t\t\t\t<div class=\"elementor-container elementor-column-gap-default\">\n\t\t\t\t\t<div class=\"elementor-column elementor-col-50 elementor-top-column elementor-element elementor-element-9c02090\" data-id=\"9c02090\" data-element_type=\"column\">\n\t\t\t<div class=\"elementor-widget-wrap elementor-element-populated\">\n\t\t\t\t\t\t\t\t<div class=\"elementor-element elementor-element-7234b24 elementor-widget elementor-widget-heading\" data-id=\"7234b24\" data-element_type=\"widget\" data-widget_type=\"heading.default\">\n\t\t\t\t<div class=\"elementor-widget-container\">\n\t\t\t<h3 class=\"elementor-heading-title elementor-size-large\">DENSO OTO KL\u0130MA<\/h3>\t\t<\/div>\n\t\t\t\t<\/div>\n\t\t\t\t<div class=\"elementor-element elementor-element-1308cf0 elementor-widget elementor-widget-text-editor\" data-id=\"1308cf0\" data-element_type=\"widget\" data-widget_type=\"text-editor.default\">\n\t\t\t\t<div class=\"elementor-widget-container\">\n\t\t\t\t\t\t\t\t\t\t\t\t\t<\/div>\n\t\t\t\t<\/div>\n\t\t\t\t\t<\/div>\n\t\t<\/div>\n\t\t\t\t<div class=\"elementor-column elementor-col-50 elementor-top-column elementor-element elementor-element-7b2ec90\" data-id=\"7b2ec90\" data-element_type=\"column\">\n\t\t\t<div class=\"elementor-widget-wrap elementor-element-populated\">\n\t\t\t\t\t\t\t\t<div class=\"elementor-element elementor-element-3ecd32a elementor-widget elementor-widget-image\" data-id=\"3ecd32a\" data-element_type=\"widget\" data-widget_type=\"image.default\">\n\t\t\t\t<div class=\"elementor-widget-container\">\n\t\t\t\t\t\t\t\t\t\t\t\t\t\t\t<img width=\"490\" height=\"331\" src=\"http:\/\/liderotomotiv.com.tr\/wp-content\/uploads\/2021\/10\/otoklima1-removebg-preview.png\" class=\"attachment-medium_large size-medium_large\" alt=\"\" loading=\"lazy\" srcset=\"http:\/\/liderotomotiv.com.tr\/wp-content\/uploads\/2021\/10\/otoklima1-removebg-preview.png 490w, http:\/\/liderotomotiv.com.tr\/wp-content\/uploads\/2021\/10\/otoklima1-removebg-preview-300x203.png 300w\" sizes=\"(max-width: 490px) 100vw, 490px\" \/>\t\t\t\t\t\t\t\t\t\t\t\t\t\t\t<\/div>\n\t\t\t\t<\/div>\n\t\t\t\t\t<\/div>\n\t\t<\/div>\n\t\t\t\t\t\t\t<\/div>\n\t\t<\/section>\n\t\t\t\t<section class=\"elementor-section elementor-top-section elementor-element elementor-element-9739738 elementor-section-content-middle elementor-reverse-mobile elementor-section-boxed elementor-section-height-default elementor-section-height-default\" data-id=\"9739738\" data-element_type=\"section\">\n\t\t\t\t\t\t<div class=\"elementor-container elementor-column-gap-default\">\n\t\t\t\t\t<div class=\"elementor-column elementor-col-50 elementor-top-column elementor-element elementor-element-22ad59b\" data-id=\"22ad59b\" data-element_type=\"column\">\n\t\t\t<div class=\"elementor-widget-wrap elementor-element-populated\">\n\t\t\t\t\t\t\t\t<div class=\"elementor-element elementor-element-f38f1a8 elementor-widget elementor-widget-image\" data-id=\"f38f1a8\" data-element_type=\"widget\" data-widget_type=\"image.default\">\n\t\t\t\t<div class=\"elementor-widget-container\">\n\t\t\t\t\t\t\t\t\t\t\t\t\t\t\t<img width=\"490\" height=\"331\" src=\"http:\/\/liderotomotiv.com.tr\/wp-content\/uploads\/2021\/10\/otoklima1-removebg-preview.png\" class=\"attachment-medium_large size-medium_large\" alt=\"\" loading=\"lazy\" srcset=\"http:\/\/liderotomotiv.com.tr\/wp-content\/uploads\/2021\/10\/otoklima1-removebg-preview.png 490w, http:\/\/liderotomotiv.com.tr\/wp-content\/uploads\/2021\/10\/otoklima1-removebg-preview-300x203.png 300w\" sizes=\"(max-width: 490px) 100vw, 490px\" \/>\t\t\t\t\t\t\t\t\t\t\t\t\t\t\t<\/div>\n\t\t\t\t<\/div>\n\t\t\t\t\t<\/div>\n\t\t<\/div>\n\t\t\t\t<div class=\"elementor-column elementor-col-50 elementor-top-column elementor-element elementor-element-3f8eafd\" data-id=\"3f8eafd\" data-element_type=\"column\">\n\t\t\t<div class=\"elementor-widget-wrap elementor-element-populated\">\n\t\t\t\t\t\t\t\t<div class=\"elementor-element elementor-element-49c03f0 elementor-widget elementor-widget-heading\" data-id=\"49c03f0\" data-element_type=\"widget\" data-widget_type=\"heading.default\">\n\t\t\t\t<div class=\"elementor-widget-container\">\n\t\t\t<h3 class=\"elementor-heading-title elementor-size-large\">D GAS OTO KL\u0130MA<\/h3>\t\t<\/div>\n\t\t\t\t<\/div>\n\t\t\t\t<div class=\"elementor-element elementor-element-02b0bce elementor-widget elementor-widget-text-editor\" data-id=\"02b0bce\" data-element_type=\"widget\" data-widget_type=\"text-editor.default\">\n\t\t\t\t<div class=\"elementor-widget-container\">\n\t\t\t\t\t\t\t\t\t\t\t\t\t<\/div>\n\t\t\t\t<\/div>\n\t\t\t\t\t<\/div>\n\t\t<\/div>\n\t\t\t\t\t\t\t<\/div>\n\t\t<\/section>\n\t\t\t\t<section class=\"elementor-section elementor-top-section elementor-element elementor-element-8d108bb elementor-section-content-middle elementor-section-boxed elementor-section-height-default elementor-section-height-default\" data-id=\"8d108bb\" data-element_type=\"section\">\n\t\t\t\t\t\t<div class=\"elementor-container elementor-column-gap-default\">\n\t\t\t\t\t<div class=\"elementor-column elementor-col-50 elementor-top-column elementor-element elementor-element-b496b0d\" data-id=\"b496b0d\" data-element_type=\"column\">\n\t\t\t<div class=\"elementor-widget-wrap elementor-element-populated\">\n\t\t\t\t\t\t\t\t<div class=\"elementor-element elementor-element-53519ad elementor-widget elementor-widget-heading\" data-id=\"53519ad\" data-element_type=\"widget\" data-widget_type=\"heading.default\">\n\t\t\t\t<div class=\"elementor-widget-container\">\n\t\t\t<h3 class=\"elementor-heading-title elementor-size-large\">BEHR OTO KL\u0130MA<\/h3>\t\t<\/div>\n\t\t\t\t<\/div>\n\t\t\t\t<div class=\"elementor-element elementor-element-da3e627 elementor-widget elementor-widget-text-editor\" data-id=\"da3e627\" data-element_type=\"widget\" data-widget_type=\"text-editor.default\">\n\t\t\t\t<div class=\"elementor-widget-container\">\n\t\t\t\t\t\t\t\t\t\t\t\t\t<\/div>\n\t\t\t\t<\/div>\n\t\t\t\t\t<\/div>\n\t\t<\/div>\n\t\t\t\t<div class=\"elementor-column elementor-col-50 elementor-top-column elementor-element elementor-element-317bfd7\" data-id=\"317bfd7\" data-element_type=\"column\">\n\t\t\t<div class=\"elementor-widget-wrap elementor-element-populated\">\n\t\t\t\t\t\t\t\t<div class=\"elementor-element elementor-element-ad11468 elementor-widget elementor-widget-image\" data-id=\"ad11468\" data-element_type=\"widget\" data-widget_type=\"image.default\">\n\t\t\t\t<div class=\"elementor-widget-container\">\n\t\t\t\t\t\t\t\t\t\t\t\t\t\t\t<img width=\"490\" height=\"331\" src=\"http:\/\/liderotomotiv.com.tr\/wp-content\/uploads\/2021\/10\/otoklima1-removebg-preview.png\" class=\"attachment-medium_large size-medium_large\" alt=\"\" loading=\"lazy\" srcset=\"http:\/\/liderotomotiv.com.tr\/wp-content\/uploads\/2021\/10\/otoklima1-removebg-preview.png 490w, http:\/\/liderotomotiv.com.tr\/wp-content\/uploads\/2021\/10\/otoklima1-removebg-preview-300x203.png 300w\" sizes=\"(max-width: 490px) 100vw, 490px\" \/>\t\t\t\t\t\t\t\t\t\t\t\t\t\t\t<\/div>\n\t\t\t\t<\/div>\n\t\t\t\t\t<\/div>\n\t\t<\/div>\n\t\t\t\t\t\t\t<\/div>\n\t\t<\/section>\n\t\t\t\t<section class=\"elementor-section elementor-top-section elementor-element elementor-element-0a68b49 elementor-section-content-middle elementor-reverse-mobile elementor-section-boxed elementor-section-height-default elementor-section-height-default\" data-id=\"0a68b49\" data-element_type=\"section\">\n\t\t\t\t\t\t<div class=\"elementor-container elementor-column-gap-default\">\n\t\t\t\t\t<div class=\"elementor-column elementor-col-50 elementor-top-column elementor-element elementor-element-5990c37\" data-id=\"5990c37\" data-element_type=\"column\">\n\t\t\t<div class=\"elementor-widget-wrap elementor-element-populated\">\n\t\t\t\t\t\t\t\t<div class=\"elementor-element elementor-element-32d7d0c elementor-widget elementor-widget-image\" data-id=\"32d7d0c\" data-element_type=\"widget\" data-widget_type=\"image.default\">\n\t\t\t\t<div class=\"elementor-widget-container\">\n\t\t\t\t\t\t\t\t\t\t\t\t\t\t\t<img width=\"490\" height=\"331\" src=\"http:\/\/liderotomotiv.com.tr\/wp-content\/uploads\/2021\/10\/otoklima1-removebg-preview.png\" class=\"attachment-medium_large size-medium_large\" alt=\"\" loading=\"lazy\" srcset=\"http:\/\/liderotomotiv.com.tr\/wp-content\/uploads\/2021\/10\/otoklima1-removebg-preview.png 490w, http:\/\/liderotomotiv.com.tr\/wp-content\/uploads\/2021\/10\/otoklima1-removebg-preview-300x203.png 300w\" sizes=\"(max-width: 490px) 100vw, 490px\" \/>\t\t\t\t\t\t\t\t\t\t\t\t\t\t\t<\/div>\n\t\t\t\t<\/div>\n\t\t\t\t\t<\/div>\n\t\t<\/div>\n\t\t\t\t<div class=\"elementor-column elementor-col-50 elementor-top-column elementor-element elementor-element-40079a5\" data-id=\"40079a5\" data-element_type=\"column\">\n\t\t\t<div class=\"elementor-widget-wrap elementor-element-populated\">\n\t\t\t\t\t\t\t\t<div class=\"elementor-element elementor-element-fae4c91 elementor-widget elementor-widget-heading\" data-id=\"fae4c91\" data-element_type=\"widget\" data-widget_type=\"heading.default\">\n\t\t\t\t<div class=\"elementor-widget-container\">\n\t\t\t<h3 class=\"elementor-heading-title elementor-size-large\">DELPHI OTO KL\u0130MA<\/h3>\t\t<\/div>\n\t\t\t\t<\/div>\n\t\t\t\t<div class=\"elementor-element elementor-element-4ce493e elementor-widget elementor-widget-text-editor\" data-id=\"4ce493e\" data-element_type=\"widget\" data-widget_type=\"text-editor.default\">\n\t\t\t\t<div class=\"elementor-widget-container\">\n\t\t\t\t\t\t\t\t\t\t\t\t\t<\/div>\n\t\t\t\t<\/div>\n\t\t\t\t\t<\/div>\n\t\t<\/div>\n\t\t\t\t\t\t\t<\/div>\n\t\t<\/section>\n\t\t\t\t\t\t<\/div>\n\t\t\t\t\t<\/div>\n\t\t","protected":false},"excerpt":{"rendered":"<p>SANDEN OTO KL\u0130MA DOOWON OTO KL\u0130MA HANON OTO KL\u0130MA WUTSE OTO KL\u0130MA DENSO OTO KL\u0130MA D GAS OTO KL\u0130MA BEHR OTO KL\u0130MA DELPHI OTO KL\u0130MA<\/p>\n","protected":false},"author":1,"featured_media":0,"parent":0,"menu_order":0,"comment_status":"closed","ping_status":"closed","template":"template-parts\/template-fullwidth.php","meta":[],"yoast_head":"<!-- This site is optimized with the Yoast SEO plugin v17.4 - https:\/\/yoast.com\/wordpress\/plugins\/seo\/ -->\n<title>OTO KL\u0130MA - L\u0130DER OTOMOT\u0130V<\/title>\n<meta name=\"robots\" content=\"index, follow, max-snippet:-1, max-image-preview:large, max-video-preview:-1\" \/>\n<link rel=\"canonical\" href=\"http:\/\/liderotomotiv.com.tr\/index.php\/oto-klima\/\" \/>\n<meta property=\"og:locale\" content=\"tr_TR\" \/>\n<meta property=\"og:type\" content=\"article\" \/>\n<meta property=\"og:title\" content=\"OTO KL\u0130MA - L\u0130DER OTOMOT\u0130V\" \/>\n<meta property=\"og:description\" content=\"SANDEN OTO KL\u0130MA DOOWON OTO KL\u0130MA HANON OTO KL\u0130MA WUTSE OTO KL\u0130MA DENSO OTO KL\u0130MA D GAS OTO KL\u0130MA BEHR OTO KL\u0130MA DELPHI OTO KL\u0130MA\" \/>\n<meta property=\"og:url\" content=\"http:\/\/liderotomotiv.com.tr\/index.php\/oto-klima\/\" \/>\n<meta property=\"og:site_name\" content=\"L\u0130DER OTOMOT\u0130V\" \/>\n<meta property=\"article:modified_time\" content=\"2021-10-28T14:30:50+00:00\" \/>\n<meta property=\"og:image\" content=\"http:\/\/liderotomotiv.com.tr\/wp-content\/uploads\/2021\/10\/otoklima1-removebg-preview.png\" \/>\n<meta name=\"twitter:card\" content=\"summary_large_image\" \/>\n<meta name=\"twitter:label1\" content=\"Tahmini okuma s\u00fcresi\" \/>\n\t<meta name=\"twitter:data1\" content=\"2 dakika\" \/>\n<script type=\"application\/ld+json\" class=\"yoast-schema-graph\">{\"@context\":\"https:\/\/schema.org\",\"@graph\":[{\"@type\":\"WebSite\",\"@id\":\"http:\/\/liderotomotiv.com.tr\/#website\",\"url\":\"http:\/\/liderotomotiv.com.tr\/\",\"name\":\"L\\u0130DER OTOMOT\\u0130V\",\"description\":\"\",\"potentialAction\":[{\"@type\":\"SearchAction\",\"target\":{\"@type\":\"EntryPoint\",\"urlTemplate\":\"http:\/\/liderotomotiv.com.tr\/?s={search_term_string}\"},\"query-input\":\"required name=search_term_string\"}],\"inLanguage\":\"tr\"},{\"@type\":\"ImageObject\",\"@id\":\"http:\/\/liderotomotiv.com.tr\/index.php\/oto-klima\/#primaryimage\",\"inLanguage\":\"tr\",\"url\":\"http:\/\/liderotomotiv.com.tr\/wp-content\/uploads\/2021\/10\/otoklima1-removebg-preview.png\",\"contentUrl\":\"http:\/\/liderotomotiv.com.tr\/wp-content\/uploads\/2021\/10\/otoklima1-removebg-preview.png\",\"width\":490,\"height\":331},{\"@type\":\"WebPage\",\"@id\":\"http:\/\/liderotomotiv.com.tr\/index.php\/oto-klima\/#webpage\",\"url\":\"http:\/\/liderotomotiv.com.tr\/index.php\/oto-klima\/\",\"name\":\"OTO KL\\u0130MA - L\\u0130DER OTOMOT\\u0130V\",\"isPartOf\":{\"@id\":\"http:\/\/liderotomotiv.com.tr\/#website\"},\"primaryImageOfPage\":{\"@id\":\"http:\/\/liderotomotiv.com.tr\/index.php\/oto-klima\/#primaryimage\"},\"datePublished\":\"2021-10-27T11:22:39+00:00\",\"dateModified\":\"2021-10-28T14:30:50+00:00\",\"breadcrumb\":{\"@id\":\"http:\/\/liderotomotiv.com.tr\/index.php\/oto-klima\/#breadcrumb\"},\"inLanguage\":\"tr\",\"potentialAction\":[{\"@type\":\"ReadAction\",\"target\":[\"http:\/\/liderotomotiv.com.tr\/index.php\/oto-klima\/\"]}]},{\"@type\":\"BreadcrumbList\",\"@id\":\"http:\/\/liderotomotiv.com.tr\/index.php\/oto-klima\/#breadcrumb\",\"itemListElement\":[{\"@type\":\"ListItem\",\"position\":1,\"name\":\"Anasayfa\",\"item\":\"http:\/\/liderotomotiv.com.tr\/\"},{\"@type\":\"ListItem\",\"position\":2,\"name\":\"OTO KL\\u0130MA\"}]}]}<\/script>\n<!-- \/ Yoast SEO plugin. -->","yoast_head_json":{"title":"OTO KL\u0130MA - L\u0130DER OTOMOT\u0130V","robots":{"index":"index","follow":"follow","max-snippet":"max-snippet:-1","max-image-preview":"max-image-preview:large","max-video-preview":"max-video-preview:-1"},"canonical":"http:\/\/liderotomotiv.com.tr\/index.php\/oto-klima\/","og_locale":"tr_TR","og_type":"article","og_title":"OTO KL\u0130MA - L\u0130DER OTOMOT\u0130V","og_description":"SANDEN OTO KL\u0130MA DOOWON OTO KL\u0130MA HANON OTO KL\u0130MA WUTSE OTO KL\u0130MA DENSO OTO KL\u0130MA D GAS OTO KL\u0130MA BEHR OTO KL\u0130MA DELPHI OTO KL\u0130MA","og_url":"http:\/\/liderotomotiv.com.tr\/index.php\/oto-klima\/","og_site_name":"L\u0130DER OTOMOT\u0130V","article_modified_time":"2021-10-28T14:30:50+00:00","og_image":[{"url":"http:\/\/liderotomotiv.com.tr\/wp-content\/uploads\/2021\/10\/otoklima1-removebg-preview.png"}],"twitter_card":"summary_large_image","twitter_misc":{"Tahmini okuma s\u00fcresi":"2 dakika"},"schema":{"@context":"https:\/\/schema.org","@graph":[{"@type":"WebSite","@id":"http:\/\/liderotomotiv.com.tr\/#website","url":"http:\/\/liderotomotiv.com.tr\/","name":"L\u0130DER OTOMOT\u0130V","description":"","potentialAction":[{"@type":"SearchAction","target":{"@type":"EntryPoint","urlTemplate":"http:\/\/liderotomotiv.com.tr\/?s={search_term_string}"},"query-input":"required name=search_term_string"}],"inLanguage":"tr"},{"@type":"ImageObject","@id":"http:\/\/liderotomotiv.com.tr\/index.php\/oto-klima\/#primaryimage","inLanguage":"tr","url":"http:\/\/liderotomotiv.com.tr\/wp-content\/uploads\/2021\/10\/otoklima1-removebg-preview.png","contentUrl":"http:\/\/liderotomotiv.com.tr\/wp-content\/uploads\/2021\/10\/otoklima1-removebg-preview.png","width":490,"height":331},{"@type":"WebPage","@id":"http:\/\/liderotomotiv.com.tr\/index.php\/oto-klima\/#webpage","url":"http:\/\/liderotomotiv.com.tr\/index.php\/oto-klima\/","name":"OTO KL\u0130MA - L\u0130DER OTOMOT\u0130V","isPartOf":{"@id":"http:\/\/liderotomotiv.com.tr\/#website"},"primaryImageOfPage":{"@id":"http:\/\/liderotomotiv.com.tr\/index.php\/oto-klima\/#primaryimage"},"datePublished":"2021-10-27T11:22:39+00:00","dateModified":"2021-10-28T14:30:50+00:00","breadcrumb":{"@id":"http:\/\/liderotomotiv.com.tr\/index.php\/oto-klima\/#breadcrumb"},"inLanguage":"tr","potentialAction":[{"@type":"ReadAction","target":["http:\/\/liderotomotiv.com.tr\/index.php\/oto-klima\/"]}]},{"@type":"BreadcrumbList","@id":"http:\/\/liderotomotiv.com.tr\/index.php\/oto-klima\/#breadcrumb","itemListElement":[{"@type":"ListItem","position":1,"name":"Anasayfa","item":"http:\/\/liderotomotiv.com.tr\/"},{"@type":"ListItem","position":2,"name":"OTO KL\u0130MA"}]}]}},"_links":{"self":[{"href":"http:\/\/liderotomotiv.com.tr\/index.php\/wp-json\/wp\/v2\/pages\/148"}],"collection":[{"href":"http:\/\/liderotomotiv.com.tr\/index.php\/wp-json\/wp\/v2\/pages"}],"about":[{"href":"http:\/\/liderotomotiv.com.tr\/index.php\/wp-json\/wp\/v2\/types\/page"}],"author":[{"embeddable":true,"href":"http:\/\/liderotomotiv.com.tr\/index.php\/wp-json\/wp\/v2\/users\/1"}],"replies":[{"embeddable":true,"href":"http:\/\/liderotomotiv.com.tr\/index.php\/wp-json\/wp\/v2\/comments?post=148"}],"version-history":[{"count":10,"href":"http:\/\/liderotomotiv.com.tr\/index.php\/wp-json\/wp\/v2\/pages\/148\/revisions"}],"predecessor-version":[{"id":490,"href":"http:\/\/liderotomotiv.com.tr\/index.php\/wp-json\/wp\/v2\/pages\/148\/revisions\/490"}],"wp:attachment":[{"href":"http:\/\/liderotomotiv.com.tr\/index.php\/wp-json\/wp\/v2\/media?parent=148"}],"curies":[{"name":"wp","href":"https:\/\/api.w.org\/{rel}","templated":true}]}}