{"id":580,"date":"2021-11-05T08:58:36","date_gmt":"2021-11-05T08:58:36","guid":{"rendered":"http:\/\/liderotomotiv.com.tr\/?page_id=580"},"modified":"2021-11-05T09:30:55","modified_gmt":"2021-11-05T09:30:55","slug":"agm","status":"publish","type":"page","link":"http:\/\/liderotomotiv.com.tr\/index.php\/agm\/","title":{"rendered":"agm"},"content":{"rendered":"\t\t<div data-elementor-type=\"wp-page\" data-elementor-id=\"580\" class=\"elementor elementor-580\" data-elementor-settings=\"[]\">\n\t\t\t\t\t\t\t<div class=\"elementor-section-wrap\">\n\t\t\t\t\t\t\t<section class=\"elementor-section elementor-top-section elementor-element elementor-element-fdb0544 elementor-section-boxed elementor-section-height-default elementor-section-height-default\" data-id=\"fdb0544\" data-element_type=\"section\">\n\t\t\t\t\t\t<div class=\"elementor-container elementor-column-gap-default\">\n\t\t\t\t\t<div class=\"elementor-column elementor-col-100 elementor-top-column elementor-element elementor-element-177b9ce\" data-id=\"177b9ce\" data-element_type=\"column\">\n\t\t\t<div class=\"elementor-widget-wrap elementor-element-populated\">\n\t\t\t\t\t\t\t\t<section class=\"elementor-section elementor-inner-section elementor-element elementor-element-21dcdf9 elementor-section-boxed elementor-section-height-default elementor-section-height-default\" data-id=\"21dcdf9\" data-element_type=\"section\">\n\t\t\t\t\t\t<div class=\"elementor-container elementor-column-gap-default\">\n\t\t\t\t\t<div class=\"elementor-column elementor-col-50 elementor-inner-column elementor-element elementor-element-e0ad0da\" data-id=\"e0ad0da\" data-element_type=\"column\">\n\t\t\t<div class=\"elementor-widget-wrap elementor-element-populated\">\n\t\t\t\t\t\t\t\t<div class=\"elementor-element elementor-element-f1178a6 elementor-widget elementor-widget-spacer\" data-id=\"f1178a6\" data-element_type=\"widget\" data-widget_type=\"spacer.default\">\n\t\t\t\t<div class=\"elementor-widget-container\">\n\t\t\t\t\t<div class=\"elementor-spacer\">\n\t\t\t<div class=\"elementor-spacer-inner\"><\/div>\n\t\t<\/div>\n\t\t\t\t<\/div>\n\t\t\t\t<\/div>\n\t\t\t\t<div class=\"elementor-element elementor-element-3a580fd elementor-align-left elementor-widget elementor-widget-button\" data-id=\"3a580fd\" data-element_type=\"widget\" data-widget_type=\"button.default\">\n\t\t\t\t<div class=\"elementor-widget-container\">\n\t\t\t\t\t<div class=\"elementor-button-wrapper\">\n\t\t\t<a href=\"http:\/\/liderotomotiv.com.tr\/index.php\/aku\/\" class=\"elementor-button-link elementor-button elementor-size-sm elementor-animation-hang\" role=\"button\">\n\t\t\t\t\t\t<span class=\"elementor-button-content-wrapper\">\n\t\t\t\t\t\t<span class=\"elementor-button-text\">STAR STOP TEKNOLOJ\u0130S\u0130<\/span>\n\t\t<\/span>\n\t\t\t\t\t<\/a>\n\t\t<\/div>\n\t\t\t\t<\/div>\n\t\t\t\t<\/div>\n\t\t\t\t<div class=\"elementor-element elementor-element-987fbb7 elementor-align-left elementor-widget elementor-widget-button\" data-id=\"987fbb7\" data-element_type=\"widget\" data-widget_type=\"button.default\">\n\t\t\t\t<div class=\"elementor-widget-container\">\n\t\t\t\t\t<div class=\"elementor-button-wrapper\">\n\t\t\t<a href=\"#\" class=\"elementor-button-link elementor-button elementor-size-sm elementor-animation-hang\" role=\"button\">\n\t\t\t\t\t\t<span class=\"elementor-button-content-wrapper\">\n\t\t\t\t\t\t<span class=\"elementor-button-text\">AGM \u0130LER\u0130 TEKNOLOJ\u0130S\u0130  <\/span>\n\t\t<\/span>\n\t\t\t\t\t<\/a>\n\t\t<\/div>\n\t\t\t\t<\/div>\n\t\t\t\t<\/div>\n\t\t\t\t<div class=\"elementor-element elementor-element-9fd9f63 elementor-align-left elementor-widget elementor-widget-button\" data-id=\"9fd9f63\" data-element_type=\"widget\" data-widget_type=\"button.default\">\n\t\t\t\t<div class=\"elementor-widget-container\">\n\t\t\t\t\t<div class=\"elementor-button-wrapper\">\n\t\t\t<a href=\"http:\/\/liderotomotiv.com.tr\/index.php\/efm\/\" class=\"elementor-button-link elementor-button elementor-size-sm elementor-animation-hang\" role=\"button\">\n\t\t\t\t\t\t<span class=\"elementor-button-content-wrapper\">\n\t\t\t\t\t\t<span class=\"elementor-button-text\">EFM GEL\u0130\u015eM\u0130\u015e TEKNOLOJ\u0130S\u0130<\/span>\n\t\t<\/span>\n\t\t\t\t\t<\/a>\n\t\t<\/div>\n\t\t\t\t<\/div>\n\t\t\t\t<\/div>\n\t\t\t\t\t<\/div>\n\t\t<\/div>\n\t\t\t\t<div class=\"elementor-column elementor-col-50 elementor-inner-column elementor-element elementor-element-d379a7f\" data-id=\"d379a7f\" data-element_type=\"column\">\n\t\t\t<div class=\"elementor-widget-wrap elementor-element-populated\">\n\t\t\t\t\t\t\t\t<div class=\"elementor-element elementor-element-88f6438 elementor-widget elementor-widget-image\" data-id=\"88f6438\" data-element_type=\"widget\" data-widget_type=\"image.default\">\n\t\t\t\t<div class=\"elementor-widget-container\">\n\t\t\t\t\t\t\t\t\t\t\t\t\t\t\t<img width=\"1024\" height=\"345\" src=\"http:\/\/liderotomotiv.com.tr\/wp-content\/uploads\/2021\/11\/Technology_AGM_2080x700-1024x345.jpg\" class=\"attachment-large size-large\" alt=\"\" loading=\"lazy\" srcset=\"http:\/\/liderotomotiv.com.tr\/wp-content\/uploads\/2021\/11\/Technology_AGM_2080x700-1024x345.jpg 1024w, http:\/\/liderotomotiv.com.tr\/wp-content\/uploads\/2021\/11\/Technology_AGM_2080x700-300x101.jpg 300w, http:\/\/liderotomotiv.com.tr\/wp-content\/uploads\/2021\/11\/Technology_AGM_2080x700-768x258.jpg 768w, http:\/\/liderotomotiv.com.tr\/wp-content\/uploads\/2021\/11\/Technology_AGM_2080x700-1536x517.jpg 1536w, http:\/\/liderotomotiv.com.tr\/wp-content\/uploads\/2021\/11\/Technology_AGM_2080x700-2048x689.jpg 2048w, http:\/\/liderotomotiv.com.tr\/wp-content\/uploads\/2021\/11\/Technology_AGM_2080x700-1200x404.jpg 1200w, http:\/\/liderotomotiv.com.tr\/wp-content\/uploads\/2021\/11\/Technology_AGM_2080x700-1980x666.jpg 1980w\" sizes=\"(max-width: 1024px) 100vw, 1024px\" \/>\t\t\t\t\t\t\t\t\t\t\t\t\t\t\t<\/div>\n\t\t\t\t<\/div>\n\t\t\t\t<div class=\"elementor-element elementor-element-4f26a62 elementor-widget elementor-widget-heading\" data-id=\"4f26a62\" data-element_type=\"widget\" data-widget_type=\"heading.default\">\n\t\t\t\t<div class=\"elementor-widget-container\">\n\t\t\t<h3 class=\"elementor-heading-title elementor-size-large\">ABSORBENT GLASS MAT (AGM) GEL\u0130\u015eM\u0130\u015e KUR\u015eUN-AS\u0130T TEKNOLOJ\u0130S\u0130<\/h3>\t\t<\/div>\n\t\t\t\t<\/div>\n\t\t\t\t<div class=\"elementor-element elementor-element-09a29f9 elementor-widget elementor-widget-text-editor\" data-id=\"09a29f9\" data-element_type=\"widget\" data-widget_type=\"text-editor.default\">\n\t\t\t\t<div class=\"elementor-widget-container\">\n\t\t\t\t\t\t\t<h1 class=\"page-title\"><span style=\"font-size: 15px; font-weight: var( --e-global-typography-text-font-weight ); letter-spacing: 0.2px;\">En iyinin de iyisine ula\u015fmak i\u00e7in AGM&#8217;ye ge\u00e7i\u015f yap\u0131n. En geli\u015fmi\u015f Absorbent Glass Mat teknolojisine sahip AGM ak\u00fcy\u00fc se\u00e7ti\u011finizde, en zorlu ara\u00e7lara ve aksesuarlara bile g\u00fc\u00e7 verebilen ola\u011fan\u00fcst\u00fc bir ak\u00fcye sahip olursunuz. AGM ak\u00fcler g\u00fcvenlidir ve k\u0131r\u0131lsalar bile s\u0131z\u0131nt\u0131 yapmazlar. AGM teknolojisi geleneksel ak\u00fclere g\u00f6re \u00fc\u00e7 kat daha fazla dayan\u0131kl\u0131l\u0131k sundu\u011fu i\u00e7in, elektrik \u00fcreten frenleme sisteminin sa\u011flad\u0131\u011f\u0131 enerjiyle ak\u00fcn\u00fcn h\u0131zla \u015farj edilmesinin gerekti\u011fi geli\u015fmi\u015f Start-Stop sistemleri i\u00e7in idealdir.<\/span><\/h1><p>Powersports AGM ak\u00fcm\u00fcz a\u015f\u0131r\u0131 zorlu ko\u015fullar g\u00f6z \u00f6n\u00fcnde bulundurularak tasarlanm\u0131\u015ft\u0131r. Bu ileri teknoloji \u00fcr\u00fcn\u00fc, i\u00e7indeki (AGM) kur\u015fun-asit sayesinde uzun \u00f6mr\u00fc s\u00fcresince maksimum g\u00fc\u00e7 sa\u011flar ve hi\u00e7bir bak\u0131m gerektirmez.<\/p><h2><span lang=\"ES-MX\">Absorbent Glass Mat (AGM)<\/span><\/h2><p>Bu \u00f6zel AGM kur\u015fun asit, ak\u00fcdeki t\u00fcm asidi emer ve y\u00fcksek seviyede \u00e7evrimsel dayan\u0131kl\u0131l\u0131k sa\u011flar. Bu da ak\u00fcn\u00fcn perfomans kayb\u0131 ya\u015famadan defalarca \u015farj ve de\u015farj olabilmesini sa\u011flar.<\/p>\t\t\t\t\t\t<\/div>\n\t\t\t\t<\/div>\n\t\t\t\t<div class=\"elementor-element elementor-element-44b5820 elementor-widget elementor-widget-image\" data-id=\"44b5820\" data-element_type=\"widget\" data-widget_type=\"image.default\">\n\t\t\t\t<div class=\"elementor-widget-container\">\n\t\t\t\t\t\t\t\t\t\t\t\t\t\t\t<img width=\"1024\" height=\"667\" src=\"http:\/\/liderotomotiv.com.tr\/wp-content\/uploads\/2021\/11\/VARTA_Silver_AGM_Dynamic_cut-1024x667.png\" class=\"attachment-large size-large\" alt=\"\" loading=\"lazy\" srcset=\"http:\/\/liderotomotiv.com.tr\/wp-content\/uploads\/2021\/11\/VARTA_Silver_AGM_Dynamic_cut-1024x667.png 1024w, http:\/\/liderotomotiv.com.tr\/wp-content\/uploads\/2021\/11\/VARTA_Silver_AGM_Dynamic_cut-300x195.png 300w, http:\/\/liderotomotiv.com.tr\/wp-content\/uploads\/2021\/11\/VARTA_Silver_AGM_Dynamic_cut-768x500.png 768w, http:\/\/liderotomotiv.com.tr\/wp-content\/uploads\/2021\/11\/VARTA_Silver_AGM_Dynamic_cut-1200x781.png 1200w, http:\/\/liderotomotiv.com.tr\/wp-content\/uploads\/2021\/11\/VARTA_Silver_AGM_Dynamic_cut.png 1290w\" sizes=\"(max-width: 1024px) 100vw, 1024px\" \/>\t\t\t\t\t\t\t\t\t\t\t\t\t\t\t<\/div>\n\t\t\t\t<\/div>\n\t\t\t\t\t<\/div>\n\t\t<\/div>\n\t\t\t\t\t\t\t<\/div>\n\t\t<\/section>\n\t\t\t\t\t<\/div>\n\t\t<\/div>\n\t\t\t\t\t\t\t<\/div>\n\t\t<\/section>\n\t\t\t\t\t\t<\/div>\n\t\t\t\t\t<\/div>\n\t\t","protected":false},"excerpt":{"rendered":"<p>STAR STOP TEKNOLOJ\u0130S\u0130 AGM \u0130LER\u0130 TEKNOLOJ\u0130S\u0130 EFM GEL\u0130\u015eM\u0130\u015e TEKNOLOJ\u0130S\u0130 ABSORBENT GLASS MAT (AGM) GEL\u0130\u015eM\u0130\u015e KUR\u015eUN-AS\u0130T TEKNOLOJ\u0130S\u0130 En iyinin de iyisine ula\u015fmak i\u00e7in AGM&#8217;ye ge\u00e7i\u015f yap\u0131n. En geli\u015fmi\u015f Absorbent Glass Mat teknolojisine sahip AGM ak\u00fcy\u00fc se\u00e7ti\u011finizde, en zorlu ara\u00e7lara ve aksesuarlara bile g\u00fc\u00e7 verebilen ola\u011fan\u00fcst\u00fc bir ak\u00fcye sahip olursunuz. AGM ak\u00fcler g\u00fcvenlidir ve k\u0131r\u0131lsalar bile s\u0131z\u0131nt\u0131<\/p>\n<footer><a title=\"agm\" id=\"read-more\" href=\"http:\/\/liderotomotiv.com.tr\/index.php\/agm\/\"><i class=\"icon\"><\/i>Read More<\/a><\/footer>\n","protected":false},"author":1,"featured_media":0,"parent":0,"menu_order":0,"comment_status":"closed","ping_status":"closed","template":"elementor_header_footer","meta":[],"yoast_head":"<!-- This site is optimized with the Yoast SEO plugin v17.4 - https:\/\/yoast.com\/wordpress\/plugins\/seo\/ -->\n<title>agm - L\u0130DER OTOMOT\u0130V<\/title>\n<meta name=\"robots\" content=\"index, follow, max-snippet:-1, max-image-preview:large, max-video-preview:-1\" \/>\n<link rel=\"canonical\" href=\"http:\/\/liderotomotiv.com.tr\/index.php\/agm\/\" \/>\n<meta property=\"og:locale\" content=\"tr_TR\" \/>\n<meta property=\"og:type\" content=\"article\" \/>\n<meta property=\"og:title\" content=\"agm - L\u0130DER OTOMOT\u0130V\" \/>\n<meta property=\"og:description\" content=\"STAR STOP TEKNOLOJ\u0130S\u0130 AGM \u0130LER\u0130 TEKNOLOJ\u0130S\u0130 EFM GEL\u0130\u015eM\u0130\u015e TEKNOLOJ\u0130S\u0130 ABSORBENT GLASS MAT (AGM) GEL\u0130\u015eM\u0130\u015e KUR\u015eUN-AS\u0130T TEKNOLOJ\u0130S\u0130 En iyinin de iyisine ula\u015fmak i\u00e7in AGM&#8217;ye ge\u00e7i\u015f yap\u0131n. En geli\u015fmi\u015f Absorbent Glass Mat teknolojisine sahip AGM ak\u00fcy\u00fc se\u00e7ti\u011finizde, en zorlu ara\u00e7lara ve aksesuarlara bile g\u00fc\u00e7 verebilen ola\u011fan\u00fcst\u00fc bir ak\u00fcye sahip olursunuz. AGM ak\u00fcler g\u00fcvenlidir ve k\u0131r\u0131lsalar bile s\u0131z\u0131nt\u0131Read More\" \/>\n<meta property=\"og:url\" content=\"http:\/\/liderotomotiv.com.tr\/index.php\/agm\/\" \/>\n<meta property=\"og:site_name\" content=\"L\u0130DER OTOMOT\u0130V\" \/>\n<meta property=\"article:modified_time\" content=\"2021-11-05T09:30:55+00:00\" \/>\n<meta property=\"og:image\" content=\"http:\/\/liderotomotiv.com.tr\/wp-content\/uploads\/2021\/11\/Technology_AGM_2080x700-1024x345.jpg\" \/>\n<meta name=\"twitter:card\" content=\"summary_large_image\" \/>\n<meta name=\"twitter:label1\" content=\"Tahmini okuma s\u00fcresi\" \/>\n\t<meta name=\"twitter:data1\" content=\"2 dakika\" \/>\n<script type=\"application\/ld+json\" class=\"yoast-schema-graph\">{\"@context\":\"https:\/\/schema.org\",\"@graph\":[{\"@type\":\"WebSite\",\"@id\":\"http:\/\/liderotomotiv.com.tr\/#website\",\"url\":\"http:\/\/liderotomotiv.com.tr\/\",\"name\":\"L\\u0130DER OTOMOT\\u0130V\",\"description\":\"\",\"potentialAction\":[{\"@type\":\"SearchAction\",\"target\":{\"@type\":\"EntryPoint\",\"urlTemplate\":\"http:\/\/liderotomotiv.com.tr\/?s={search_term_string}\"},\"query-input\":\"required name=search_term_string\"}],\"inLanguage\":\"tr\"},{\"@type\":\"ImageObject\",\"@id\":\"http:\/\/liderotomotiv.com.tr\/index.php\/agm\/#primaryimage\",\"inLanguage\":\"tr\",\"url\":\"http:\/\/liderotomotiv.com.tr\/wp-content\/uploads\/2021\/11\/Technology_AGM_2080x700.jpg\",\"contentUrl\":\"http:\/\/liderotomotiv.com.tr\/wp-content\/uploads\/2021\/11\/Technology_AGM_2080x700.jpg\",\"width\":2080,\"height\":700},{\"@type\":\"WebPage\",\"@id\":\"http:\/\/liderotomotiv.com.tr\/index.php\/agm\/#webpage\",\"url\":\"http:\/\/liderotomotiv.com.tr\/index.php\/agm\/\",\"name\":\"agm - L\\u0130DER OTOMOT\\u0130V\",\"isPartOf\":{\"@id\":\"http:\/\/liderotomotiv.com.tr\/#website\"},\"primaryImageOfPage\":{\"@id\":\"http:\/\/liderotomotiv.com.tr\/index.php\/agm\/#primaryimage\"},\"datePublished\":\"2021-11-05T08:58:36+00:00\",\"dateModified\":\"2021-11-05T09:30:55+00:00\",\"breadcrumb\":{\"@id\":\"http:\/\/liderotomotiv.com.tr\/index.php\/agm\/#breadcrumb\"},\"inLanguage\":\"tr\",\"potentialAction\":[{\"@type\":\"ReadAction\",\"target\":[\"http:\/\/liderotomotiv.com.tr\/index.php\/agm\/\"]}]},{\"@type\":\"BreadcrumbList\",\"@id\":\"http:\/\/liderotomotiv.com.tr\/index.php\/agm\/#breadcrumb\",\"itemListElement\":[{\"@type\":\"ListItem\",\"position\":1,\"name\":\"Anasayfa\",\"item\":\"http:\/\/liderotomotiv.com.tr\/\"},{\"@type\":\"ListItem\",\"position\":2,\"name\":\"agm\"}]}]}<\/script>\n<!-- \/ Yoast SEO plugin. -->","yoast_head_json":{"title":"agm - L\u0130DER OTOMOT\u0130V","robots":{"index":"index","follow":"follow","max-snippet":"max-snippet:-1","max-image-preview":"max-image-preview:large","max-video-preview":"max-video-preview:-1"},"canonical":"http:\/\/liderotomotiv.com.tr\/index.php\/agm\/","og_locale":"tr_TR","og_type":"article","og_title":"agm - L\u0130DER OTOMOT\u0130V","og_description":"STAR STOP TEKNOLOJ\u0130S\u0130 AGM \u0130LER\u0130 TEKNOLOJ\u0130S\u0130 EFM GEL\u0130\u015eM\u0130\u015e TEKNOLOJ\u0130S\u0130 ABSORBENT GLASS MAT (AGM) GEL\u0130\u015eM\u0130\u015e KUR\u015eUN-AS\u0130T TEKNOLOJ\u0130S\u0130 En iyinin de iyisine ula\u015fmak i\u00e7in AGM&#8217;ye ge\u00e7i\u015f yap\u0131n. En geli\u015fmi\u015f Absorbent Glass Mat teknolojisine sahip AGM ak\u00fcy\u00fc se\u00e7ti\u011finizde, en zorlu ara\u00e7lara ve aksesuarlara bile g\u00fc\u00e7 verebilen ola\u011fan\u00fcst\u00fc bir ak\u00fcye sahip olursunuz. AGM ak\u00fcler g\u00fcvenlidir ve k\u0131r\u0131lsalar bile s\u0131z\u0131nt\u0131Read More","og_url":"http:\/\/liderotomotiv.com.tr\/index.php\/agm\/","og_site_name":"L\u0130DER OTOMOT\u0130V","article_modified_time":"2021-11-05T09:30:55+00:00","og_image":[{"url":"http:\/\/liderotomotiv.com.tr\/wp-content\/uploads\/2021\/11\/Technology_AGM_2080x700-1024x345.jpg"}],"twitter_card":"summary_large_image","twitter_misc":{"Tahmini okuma s\u00fcresi":"2 dakika"},"schema":{"@context":"https:\/\/schema.org","@graph":[{"@type":"WebSite","@id":"http:\/\/liderotomotiv.com.tr\/#website","url":"http:\/\/liderotomotiv.com.tr\/","name":"L\u0130DER OTOMOT\u0130V","description":"","potentialAction":[{"@type":"SearchAction","target":{"@type":"EntryPoint","urlTemplate":"http:\/\/liderotomotiv.com.tr\/?s={search_term_string}"},"query-input":"required name=search_term_string"}],"inLanguage":"tr"},{"@type":"ImageObject","@id":"http:\/\/liderotomotiv.com.tr\/index.php\/agm\/#primaryimage","inLanguage":"tr","url":"http:\/\/liderotomotiv.com.tr\/wp-content\/uploads\/2021\/11\/Technology_AGM_2080x700.jpg","contentUrl":"http:\/\/liderotomotiv.com.tr\/wp-content\/uploads\/2021\/11\/Technology_AGM_2080x700.jpg","width":2080,"height":700},{"@type":"WebPage","@id":"http:\/\/liderotomotiv.com.tr\/index.php\/agm\/#webpage","url":"http:\/\/liderotomotiv.com.tr\/index.php\/agm\/","name":"agm - L\u0130DER OTOMOT\u0130V","isPartOf":{"@id":"http:\/\/liderotomotiv.com.tr\/#website"},"primaryImageOfPage":{"@id":"http:\/\/liderotomotiv.com.tr\/index.php\/agm\/#primaryimage"},"datePublished":"2021-11-05T08:58:36+00:00","dateModified":"2021-11-05T09:30:55+00:00","breadcrumb":{"@id":"http:\/\/liderotomotiv.com.tr\/index.php\/agm\/#breadcrumb"},"inLanguage":"tr","potentialAction":[{"@type":"ReadAction","target":["http:\/\/liderotomotiv.com.tr\/index.php\/agm\/"]}]},{"@type":"BreadcrumbList","@id":"http:\/\/liderotomotiv.com.tr\/index.php\/agm\/#breadcrumb","itemListElement":[{"@type":"ListItem","position":1,"name":"Anasayfa","item":"http:\/\/liderotomotiv.com.tr\/"},{"@type":"ListItem","position":2,"name":"agm"}]}]}},"_links":{"self":[{"href":"http:\/\/liderotomotiv.com.tr\/index.php\/wp-json\/wp\/v2\/pages\/580"}],"collection":[{"href":"http:\/\/liderotomotiv.com.tr\/index.php\/wp-json\/wp\/v2\/pages"}],"about":[{"href":"http:\/\/liderotomotiv.com.tr\/index.php\/wp-json\/wp\/v2\/types\/page"}],"author":[{"embeddable":true,"href":"http:\/\/liderotomotiv.com.tr\/index.php\/wp-json\/wp\/v2\/users\/1"}],"replies":[{"embeddable":true,"href":"http:\/\/liderotomotiv.com.tr\/index.php\/wp-json\/wp\/v2\/comments?post=580"}],"version-history":[{"count":10,"href":"http:\/\/liderotomotiv.com.tr\/index.php\/wp-json\/wp\/v2\/pages\/580\/revisions"}],"predecessor-version":[{"id":615,"href":"http:\/\/liderotomotiv.com.tr\/index.php\/wp-json\/wp\/v2\/pages\/580\/revisions\/615"}],"wp:attachment":[{"href":"http:\/\/liderotomotiv.com.tr\/index.php\/wp-json\/wp\/v2\/media?parent=580"}],"curies":[{"name":"wp","href":"https:\/\/api.w.org\/{rel}","templated":true}]}}