{"id":604,"date":"2021-11-05T09:19:29","date_gmt":"2021-11-05T09:19:29","guid":{"rendered":"http:\/\/liderotomotiv.com.tr\/?page_id=604"},"modified":"2021-11-05T09:31:02","modified_gmt":"2021-11-05T09:31:02","slug":"efm","status":"publish","type":"page","link":"http:\/\/liderotomotiv.com.tr\/index.php\/efm\/","title":{"rendered":"efm"},"content":{"rendered":"\t\t<div data-elementor-type=\"wp-page\" data-elementor-id=\"604\" class=\"elementor elementor-604\" data-elementor-settings=\"[]\">\n\t\t\t\t\t\t\t<div class=\"elementor-section-wrap\">\n\t\t\t\t\t\t\t<section class=\"elementor-section elementor-top-section elementor-element elementor-element-72d8f1a elementor-section-boxed elementor-section-height-default elementor-section-height-default\" data-id=\"72d8f1a\" data-element_type=\"section\">\n\t\t\t\t\t\t<div class=\"elementor-container elementor-column-gap-default\">\n\t\t\t\t\t<div class=\"elementor-column elementor-col-100 elementor-top-column elementor-element elementor-element-a62663a\" data-id=\"a62663a\" data-element_type=\"column\">\n\t\t\t<div class=\"elementor-widget-wrap elementor-element-populated\">\n\t\t\t\t\t\t\t\t<section class=\"elementor-section elementor-inner-section elementor-element elementor-element-a91052f elementor-section-boxed elementor-section-height-default elementor-section-height-default\" data-id=\"a91052f\" data-element_type=\"section\">\n\t\t\t\t\t\t<div class=\"elementor-container elementor-column-gap-default\">\n\t\t\t\t\t<div class=\"elementor-column elementor-col-50 elementor-inner-column elementor-element elementor-element-a9608f4\" data-id=\"a9608f4\" data-element_type=\"column\">\n\t\t\t<div class=\"elementor-widget-wrap elementor-element-populated\">\n\t\t\t\t\t\t\t\t<div class=\"elementor-element elementor-element-0bd1761 elementor-widget elementor-widget-spacer\" data-id=\"0bd1761\" data-element_type=\"widget\" data-widget_type=\"spacer.default\">\n\t\t\t\t<div class=\"elementor-widget-container\">\n\t\t\t\t\t<div class=\"elementor-spacer\">\n\t\t\t<div class=\"elementor-spacer-inner\"><\/div>\n\t\t<\/div>\n\t\t\t\t<\/div>\n\t\t\t\t<\/div>\n\t\t\t\t<div class=\"elementor-element elementor-element-f2ea94a elementor-align-left elementor-widget elementor-widget-button\" data-id=\"f2ea94a\" data-element_type=\"widget\" data-widget_type=\"button.default\">\n\t\t\t\t<div class=\"elementor-widget-container\">\n\t\t\t\t\t<div class=\"elementor-button-wrapper\">\n\t\t\t<a href=\"http:\/\/liderotomotiv.com.tr\/index.php\/aku\/\" class=\"elementor-button-link elementor-button elementor-size-sm elementor-animation-hang\" role=\"button\">\n\t\t\t\t\t\t<span class=\"elementor-button-content-wrapper\">\n\t\t\t\t\t\t<span class=\"elementor-button-text\">STAR STOP TEKNOLOJ\u0130S\u0130<\/span>\n\t\t<\/span>\n\t\t\t\t\t<\/a>\n\t\t<\/div>\n\t\t\t\t<\/div>\n\t\t\t\t<\/div>\n\t\t\t\t<div class=\"elementor-element elementor-element-e1de5e3 elementor-align-left elementor-widget elementor-widget-button\" data-id=\"e1de5e3\" data-element_type=\"widget\" data-widget_type=\"button.default\">\n\t\t\t\t<div class=\"elementor-widget-container\">\n\t\t\t\t\t<div class=\"elementor-button-wrapper\">\n\t\t\t<a href=\"#\" class=\"elementor-button-link elementor-button elementor-size-sm elementor-animation-hang\" role=\"button\">\n\t\t\t\t\t\t<span class=\"elementor-button-content-wrapper\">\n\t\t\t\t\t\t<span class=\"elementor-button-text\">AGM \u0130LER\u0130 TEKNOLOJ\u0130S\u0130  <\/span>\n\t\t<\/span>\n\t\t\t\t\t<\/a>\n\t\t<\/div>\n\t\t\t\t<\/div>\n\t\t\t\t<\/div>\n\t\t\t\t<div class=\"elementor-element elementor-element-47faf8a elementor-align-left elementor-widget elementor-widget-button\" data-id=\"47faf8a\" data-element_type=\"widget\" data-widget_type=\"button.default\">\n\t\t\t\t<div class=\"elementor-widget-container\">\n\t\t\t\t\t<div class=\"elementor-button-wrapper\">\n\t\t\t<a href=\"http:\/\/liderotomotiv.com.tr\/index.php\/efm\/\" class=\"elementor-button-link elementor-button elementor-size-sm elementor-animation-hang\" role=\"button\">\n\t\t\t\t\t\t<span class=\"elementor-button-content-wrapper\">\n\t\t\t\t\t\t<span class=\"elementor-button-text\">EFM GEL\u0130\u015eM\u0130\u015e TEKNOLOJ\u0130S\u0130<\/span>\n\t\t<\/span>\n\t\t\t\t\t<\/a>\n\t\t<\/div>\n\t\t\t\t<\/div>\n\t\t\t\t<\/div>\n\t\t\t\t\t<\/div>\n\t\t<\/div>\n\t\t\t\t<div class=\"elementor-column elementor-col-50 elementor-inner-column elementor-element elementor-element-45fa37c\" data-id=\"45fa37c\" data-element_type=\"column\">\n\t\t\t<div class=\"elementor-widget-wrap elementor-element-populated\">\n\t\t\t\t\t\t\t\t<div class=\"elementor-element elementor-element-45a3ee8 elementor-widget elementor-widget-image\" data-id=\"45a3ee8\" data-element_type=\"widget\" data-widget_type=\"image.default\">\n\t\t\t\t<div class=\"elementor-widget-container\">\n\t\t\t\t\t\t\t\t\t\t\t\t\t\t\t<img width=\"1024\" height=\"345\" src=\"http:\/\/liderotomotiv.com.tr\/wp-content\/uploads\/2021\/11\/Technology_AGM_2080x700-2-1024x345.jpg\" class=\"attachment-large size-large\" alt=\"\" loading=\"lazy\" srcset=\"http:\/\/liderotomotiv.com.tr\/wp-content\/uploads\/2021\/11\/Technology_AGM_2080x700-2-1024x345.jpg 1024w, http:\/\/liderotomotiv.com.tr\/wp-content\/uploads\/2021\/11\/Technology_AGM_2080x700-2-300x101.jpg 300w, http:\/\/liderotomotiv.com.tr\/wp-content\/uploads\/2021\/11\/Technology_AGM_2080x700-2-768x258.jpg 768w, http:\/\/liderotomotiv.com.tr\/wp-content\/uploads\/2021\/11\/Technology_AGM_2080x700-2-1536x517.jpg 1536w, http:\/\/liderotomotiv.com.tr\/wp-content\/uploads\/2021\/11\/Technology_AGM_2080x700-2-2048x689.jpg 2048w, http:\/\/liderotomotiv.com.tr\/wp-content\/uploads\/2021\/11\/Technology_AGM_2080x700-2-1200x404.jpg 1200w, http:\/\/liderotomotiv.com.tr\/wp-content\/uploads\/2021\/11\/Technology_AGM_2080x700-2-1980x666.jpg 1980w\" sizes=\"(max-width: 1024px) 100vw, 1024px\" \/>\t\t\t\t\t\t\t\t\t\t\t\t\t\t\t<\/div>\n\t\t\t\t<\/div>\n\t\t\t\t<div class=\"elementor-element elementor-element-abeadb5 elementor-widget elementor-widget-heading\" data-id=\"abeadb5\" data-element_type=\"widget\" data-widget_type=\"heading.default\">\n\t\t\t\t<div class=\"elementor-widget-container\">\n\t\t\t<h3 class=\"elementor-heading-title elementor-size-large\">EFM GEL\u0130\u015eM\u0130\u015e TEKNOLOJ\u0130S\u0130 <\/h3>\t\t<\/div>\n\t\t\t\t<\/div>\n\t\t\t\t<div class=\"elementor-element elementor-element-96420ef elementor-widget elementor-widget-text-editor\" data-id=\"96420ef\" data-element_type=\"widget\" data-widget_type=\"text-editor.default\">\n\t\t\t\t<div class=\"elementor-widget-container\">\n\t\t\t\t\t\t\t<p>VARTA<sup>\u00ae<\/sup>\u00a0otomotiv ve ticari ara\u00e7 uygulamalar\u0131 i\u00e7in standart kur\u015fun-asit ak\u00fclerine k\u0131yasla \u00fcst\u00fcn bir g\u00fcvenilirlik ve performans sa\u011flayan geli\u015fmi\u015f sulu ak\u00fc (EFB) \u00fcr\u00fcnlerini sunmaktad\u0131r. Ak\u00fclerimiz m\u00fc\u015fterilerimizin bireysel ihtiya\u00e7lar\u0131n\u0131 kar\u015f\u0131layacak \u015fekilde tasarlanm\u0131\u015ft\u0131r ve en y\u00fcksek kalite standartlar\u0131n\u0131 kar\u015f\u0131lamak \u00fczere Avrupa \u00e7ap\u0131ndaki tesislerde \u00fcretilmektedir.<\/p><h2>Otomobiller i\u00e7in EFB teknolojisi<\/h2><p>EFB ak\u00fcleri k\u0131smen \u015farjl\u0131 durumlarda \u00e7al\u0131\u015fan uygulamalar\u0131 destekler ve AGM ak\u00fclerinin derin \u00e7evrimleme \u00f6zelli\u011fini gerektirmez. Pozitif plaka y\u00fczeyine eklenen poli polar ince bir bez bunu m\u00fcmk\u00fcn k\u0131lar. Bu, plakalardaki aktif maddelerin sa\u011flamla\u015ft\u0131r\u0131lmas\u0131na yard\u0131mc\u0131 olur ve b\u00f6ylece dayan\u0131kl\u0131l\u0131\u011f\u0131 artar.<\/p><p><i>Faydalar\u0131:<\/i><\/p><ul><li>Geleneksel ak\u00fclerin k\u0131smi \u015farj durumu ve derin \u00e7evrimleme performans\u0131n\u0131n iki mislinden fazlas\u0131.<\/li><li>Y\u00fcksek say\u0131da motor ba\u015flatma say\u0131s\u0131 ve motorun normalden uzun kapal\u0131 kalma s\u00fcresine destek.<\/li><li>Geleneksel sulu ak\u00fclere g\u00f6re daha iyi \u015farj akseptans\u0131.<\/li><li>Motor i\u00e7i b\u00f6lmelerde ve s\u0131cak iklimlerde kullan\u0131m i\u00e7in termal dayan\u0131kl\u0131l\u0131\u011f\u0131n geli\u015ftirildi\u011fi mevcut tasar\u0131mlar.<\/li><li>Rejeneratif frenleme teknolojisine sahip olmayan start-stop\u2019lu ara\u00e7 teknolojileri ve zorlu s\u00fcr\u00fc\u015f program\u0131 ya da kullan\u0131mda olan donan\u0131mlar\u0131 nedeniyle normalin \u00fczerinde g\u00fc\u00e7 gereksinimi olan ara\u00e7lar i\u00e7in ideal.<\/li><li>Ay\u0131ca, EFB \u00fcr\u00fcnlerimiz y\u00fcksek mar\u015f g\u00fcc\u00fc ve g\u00fcvenilir performans sa\u011flamak \u00fczere\u00a0<a href=\"https:\/\/www.tr.varta-automotive.com\/tr-tr\/teknoloji\/powerframe-teknolojisi\">PowerFrame<sup>\u00ae<\/sup><\/a>\u00a0\u0131zgara teknolojisiyle \u00fcretilmi\u015ftir.<\/li><\/ul><h2>Ticari ara\u00e7lar i\u00e7in EFB teknolojisi<\/h2><p>Benzersiz VARTA<sup>\u00ae<\/sup>\u00a0Promotive EFB y\u00fcksek performansl\u0131 ticari ara\u00e7lar i\u00e7in \u00f6zel olarak tasarlanm\u0131\u015f bir ak\u00fcd\u00fcr ve asit katmanla\u015fmas\u0131 ve titre\u015fime kar\u015f\u0131 dayan\u0131kl\u0131l\u0131kta son teknoloji \u00fcr\u00fcn\u00fcd\u00fcr. Yaln\u0131zca \u00f6nceden Johnson Controls Power Solutions olan Clarios taraf\u0131ndan geli\u015ftirilmi\u015f ve patenti al\u0131nm\u0131\u015f bu \u00fcr\u00fcn, piyasada kar\u0131\u015ft\u0131rma elemanlar\u0131 i\u00e7eren tek \u00fcr\u00fcnd\u00fcr. EFB teknolojisi olduk\u00e7a zorlu uygulamalarda g\u00fcvenilir bir performans temin eder ve arac\u0131n arka k\u0131sm\u0131na montaj i\u00e7in idealdir.<\/p><p><i>Faydalar\u0131:<\/i><\/p><p>\u00a0<\/p><ul><li>\u0130\u00e7indeki benzersiz kar\u0131\u015ft\u0131rma eleman\u0131 asit katmanla\u015fmas\u0131n\u0131 azalt\u0131r ve t\u00fcm derin de\u015farjl\u0131 uygulamalar i\u00e7in en uygun \u00e7\u00f6z\u00fcmd\u00fcr. Sulu ak\u00fclerde asidin kar\u0131\u015ft\u0131r\u0131lmas\u0131na yard\u0131mc\u0131 olmak i\u00e7in arac\u0131n atalet kuvvetlerini kullanan mekanik bir sistemdir.<\/li><li>S\u0131n\u0131f\u0131n\u0131n en iyisi s\u0131cak eriyik ile \u00fcst\u00fcn dahili sabitleme: \u00c7ok y\u00fcksek seviyede titre\u015fim dayan\u0131kl\u0131l\u0131\u011f\u0131 ve arac\u0131n arka k\u0131sm\u0131na m\u00fckemmel monte edilebilmesi \u00fcr\u00fcnden en iyi performans\u0131n al\u0131nabilmesini sa\u011flar.<\/li><li>Benzersiz Labirent Kapak tasar\u0131m\u0131 s\u0131\u00e7ratmaya kar\u015f\u0131 %100 koruma ve \u00e7ok d\u00fc\u015f\u00fck su t\u00fcketimi sa\u011flar.<\/li><li><a href=\"https:\/\/www.tr.varta-automotive.com\/tr-tr\/teknoloji\/powerframe-teknolojisi\">PowerFrame<sup>\u00ae<\/sup><\/a>\u00a0teknolojisinin kullan\u0131lmas\u0131, geli\u015ftirilmi\u015f pozitif yap\u0131\u015ft\u0131rma ve \u0131zgaradan k\u00fctleye yap\u0131\u015ft\u0131rma sayesinde y\u00fcksek \u00e7evrimleme kapasitesi sa\u011flar. Pozitif plaka y\u00fczeye eklenen poli polar ince bir polyester bez \u00e7evrim \u00f6mr\u00fc performans\u0131n\u0131 s\u00fcrd\u00fcr\u00fclebilir bir \u015fekilde iyile\u015ftirir.<\/li><li>Garanti masraflar\u0131n\u0131 minimuma indirir.<\/li><\/ul><h2>EFB Teknolojisi \u00d6zellikleri<\/h2><p>Polyester bez plaka ile ay\u0131r\u0131c\u0131 aras\u0131ndaki ilave polyester bir elemand\u0131r. Polyester bez etkin maddeyi plakan\u0131n i\u00e7inde yerinde tutar ve k\u00fctlenin erozyonunu engeller. Sonu\u00e7: geli\u015fmi\u015f derin \u00e7evrim rezistans\u0131 ve \u00fcst\u00fcn \u015farj akseptans\u0131.<br \/><br \/>Yap\u0131\u015ft\u0131r\u0131lm\u0131\u015f polar, plakalar\u0131n her zaman ve her ko\u015fulda d\u00fczg\u00fcn bir \u015fekilde kendi pozisyonlar\u0131n\u0131 korumalar\u0131n\u0131 temin eder.<\/p><h2>Asit Sirk\u00fclasyonu (Kar\u0131\u015ft\u0131rma Eleman\u0131)<\/h2><p>Asit sirk\u00fclat\u00f6r\u00fc asidin tabakala\u015fmas\u0131n\u0131 \u00f6nler. Ak\u00fcn\u00fcn i\u00e7indeki asidin devaml\u0131 kar\u0131\u015ft\u0131r\u0131lmas\u0131 i\u00e7in arac\u0131n do\u011fal hareketini kullanan bir yap\u0131m \u00f6\u011fesidir. Asit yo\u011funlu\u011fu homojen seviyelerde kalarak, \u015farj akseptans\u0131n\u0131 art\u0131r\u0131r ve genelde ak\u00fcn\u00fcn \u00f6mr\u00fcn\u00fc uzat\u0131r.<\/p><h2>EFB Teknolojisi Hakk\u0131nda Daha Fazla Bilgi Edinin<\/h2><p>Kamyonlar i\u00e7in geli\u015fmi\u015f VARTA<sup>\u00ae<\/sup>\u00a0EFB teknolojisi<\/p>\t\t\t\t\t\t<\/div>\n\t\t\t\t<\/div>\n\t\t\t\t<div class=\"elementor-element elementor-element-ab67912 elementor-widget elementor-widget-image\" data-id=\"ab67912\" data-element_type=\"widget\" data-widget_type=\"image.default\">\n\t\t\t\t<div class=\"elementor-widget-container\">\n\t\t\t\t\t\t\t\t\t\t\t\t\t\t\t<img width=\"1024\" height=\"667\" src=\"http:\/\/liderotomotiv.com.tr\/wp-content\/uploads\/2021\/11\/VARTA_Silver_AGM_Dynamic_cut-1024x667.png\" class=\"attachment-large size-large\" alt=\"\" loading=\"lazy\" srcset=\"http:\/\/liderotomotiv.com.tr\/wp-content\/uploads\/2021\/11\/VARTA_Silver_AGM_Dynamic_cut-1024x667.png 1024w, http:\/\/liderotomotiv.com.tr\/wp-content\/uploads\/2021\/11\/VARTA_Silver_AGM_Dynamic_cut-300x195.png 300w, http:\/\/liderotomotiv.com.tr\/wp-content\/uploads\/2021\/11\/VARTA_Silver_AGM_Dynamic_cut-768x500.png 768w, http:\/\/liderotomotiv.com.tr\/wp-content\/uploads\/2021\/11\/VARTA_Silver_AGM_Dynamic_cut-1200x781.png 1200w, http:\/\/liderotomotiv.com.tr\/wp-content\/uploads\/2021\/11\/VARTA_Silver_AGM_Dynamic_cut.png 1290w\" sizes=\"(max-width: 1024px) 100vw, 1024px\" \/>\t\t\t\t\t\t\t\t\t\t\t\t\t\t\t<\/div>\n\t\t\t\t<\/div>\n\t\t\t\t\t<\/div>\n\t\t<\/div>\n\t\t\t\t\t\t\t<\/div>\n\t\t<\/section>\n\t\t\t\t\t<\/div>\n\t\t<\/div>\n\t\t\t\t\t\t\t<\/div>\n\t\t<\/section>\n\t\t\t\t\t\t<\/div>\n\t\t\t\t\t<\/div>\n\t\t","protected":false},"excerpt":{"rendered":"<p>STAR STOP TEKNOLOJ\u0130S\u0130 AGM \u0130LER\u0130 TEKNOLOJ\u0130S\u0130 EFM GEL\u0130\u015eM\u0130\u015e TEKNOLOJ\u0130S\u0130 EFM GEL\u0130\u015eM\u0130\u015e TEKNOLOJ\u0130S\u0130 VARTA\u00ae\u00a0otomotiv ve ticari ara\u00e7 uygulamalar\u0131 i\u00e7in standart kur\u015fun-asit ak\u00fclerine k\u0131yasla \u00fcst\u00fcn bir g\u00fcvenilirlik ve performans sa\u011flayan geli\u015fmi\u015f sulu ak\u00fc (EFB) \u00fcr\u00fcnlerini sunmaktad\u0131r. Ak\u00fclerimiz m\u00fc\u015fterilerimizin bireysel ihtiya\u00e7lar\u0131n\u0131 kar\u015f\u0131layacak \u015fekilde tasarlanm\u0131\u015ft\u0131r ve en y\u00fcksek kalite standartlar\u0131n\u0131 kar\u015f\u0131lamak \u00fczere Avrupa \u00e7ap\u0131ndaki tesislerde \u00fcretilmektedir. Otomobiller i\u00e7in EFB<\/p>\n<footer><a title=\"efm\" id=\"read-more\" href=\"http:\/\/liderotomotiv.com.tr\/index.php\/efm\/\"><i class=\"icon\"><\/i>Read More<\/a><\/footer>\n","protected":false},"author":1,"featured_media":0,"parent":0,"menu_order":0,"comment_status":"closed","ping_status":"closed","template":"elementor_header_footer","meta":[],"yoast_head":"<!-- This site is optimized with the Yoast SEO plugin v17.4 - https:\/\/yoast.com\/wordpress\/plugins\/seo\/ -->\n<title>efm - L\u0130DER OTOMOT\u0130V<\/title>\n<meta name=\"robots\" content=\"index, follow, max-snippet:-1, max-image-preview:large, max-video-preview:-1\" \/>\n<link rel=\"canonical\" href=\"http:\/\/liderotomotiv.com.tr\/index.php\/efm\/\" \/>\n<meta property=\"og:locale\" content=\"tr_TR\" \/>\n<meta property=\"og:type\" content=\"article\" \/>\n<meta property=\"og:title\" content=\"efm - L\u0130DER OTOMOT\u0130V\" \/>\n<meta property=\"og:description\" content=\"STAR STOP TEKNOLOJ\u0130S\u0130 AGM \u0130LER\u0130 TEKNOLOJ\u0130S\u0130 EFM GEL\u0130\u015eM\u0130\u015e TEKNOLOJ\u0130S\u0130 EFM GEL\u0130\u015eM\u0130\u015e TEKNOLOJ\u0130S\u0130 VARTA\u00ae\u00a0otomotiv ve ticari ara\u00e7 uygulamalar\u0131 i\u00e7in standart kur\u015fun-asit ak\u00fclerine k\u0131yasla \u00fcst\u00fcn bir g\u00fcvenilirlik ve performans sa\u011flayan geli\u015fmi\u015f sulu ak\u00fc (EFB) \u00fcr\u00fcnlerini sunmaktad\u0131r. Ak\u00fclerimiz m\u00fc\u015fterilerimizin bireysel ihtiya\u00e7lar\u0131n\u0131 kar\u015f\u0131layacak \u015fekilde tasarlanm\u0131\u015ft\u0131r ve en y\u00fcksek kalite standartlar\u0131n\u0131 kar\u015f\u0131lamak \u00fczere Avrupa \u00e7ap\u0131ndaki tesislerde \u00fcretilmektedir. Otomobiller i\u00e7in EFBRead More\" \/>\n<meta property=\"og:url\" content=\"http:\/\/liderotomotiv.com.tr\/index.php\/efm\/\" \/>\n<meta property=\"og:site_name\" content=\"L\u0130DER OTOMOT\u0130V\" \/>\n<meta property=\"article:modified_time\" content=\"2021-11-05T09:31:02+00:00\" \/>\n<meta property=\"og:image\" content=\"http:\/\/liderotomotiv.com.tr\/wp-content\/uploads\/2021\/11\/Technology_AGM_2080x700-2-1024x345.jpg\" \/>\n<meta name=\"twitter:card\" content=\"summary_large_image\" \/>\n<meta name=\"twitter:label1\" content=\"Tahmini okuma s\u00fcresi\" \/>\n\t<meta name=\"twitter:data1\" content=\"3 dakika\" \/>\n<script type=\"application\/ld+json\" class=\"yoast-schema-graph\">{\"@context\":\"https:\/\/schema.org\",\"@graph\":[{\"@type\":\"WebSite\",\"@id\":\"http:\/\/liderotomotiv.com.tr\/#website\",\"url\":\"http:\/\/liderotomotiv.com.tr\/\",\"name\":\"L\\u0130DER OTOMOT\\u0130V\",\"description\":\"\",\"potentialAction\":[{\"@type\":\"SearchAction\",\"target\":{\"@type\":\"EntryPoint\",\"urlTemplate\":\"http:\/\/liderotomotiv.com.tr\/?s={search_term_string}\"},\"query-input\":\"required name=search_term_string\"}],\"inLanguage\":\"tr\"},{\"@type\":\"ImageObject\",\"@id\":\"http:\/\/liderotomotiv.com.tr\/index.php\/efm\/#primaryimage\",\"inLanguage\":\"tr\",\"url\":\"http:\/\/liderotomotiv.com.tr\/wp-content\/uploads\/2021\/11\/Technology_AGM_2080x700-2.jpg\",\"contentUrl\":\"http:\/\/liderotomotiv.com.tr\/wp-content\/uploads\/2021\/11\/Technology_AGM_2080x700-2.jpg\",\"width\":2080,\"height\":700},{\"@type\":\"WebPage\",\"@id\":\"http:\/\/liderotomotiv.com.tr\/index.php\/efm\/#webpage\",\"url\":\"http:\/\/liderotomotiv.com.tr\/index.php\/efm\/\",\"name\":\"efm - L\\u0130DER OTOMOT\\u0130V\",\"isPartOf\":{\"@id\":\"http:\/\/liderotomotiv.com.tr\/#website\"},\"primaryImageOfPage\":{\"@id\":\"http:\/\/liderotomotiv.com.tr\/index.php\/efm\/#primaryimage\"},\"datePublished\":\"2021-11-05T09:19:29+00:00\",\"dateModified\":\"2021-11-05T09:31:02+00:00\",\"breadcrumb\":{\"@id\":\"http:\/\/liderotomotiv.com.tr\/index.php\/efm\/#breadcrumb\"},\"inLanguage\":\"tr\",\"potentialAction\":[{\"@type\":\"ReadAction\",\"target\":[\"http:\/\/liderotomotiv.com.tr\/index.php\/efm\/\"]}]},{\"@type\":\"BreadcrumbList\",\"@id\":\"http:\/\/liderotomotiv.com.tr\/index.php\/efm\/#breadcrumb\",\"itemListElement\":[{\"@type\":\"ListItem\",\"position\":1,\"name\":\"Anasayfa\",\"item\":\"http:\/\/liderotomotiv.com.tr\/\"},{\"@type\":\"ListItem\",\"position\":2,\"name\":\"efm\"}]}]}<\/script>\n<!-- \/ Yoast SEO plugin. -->","yoast_head_json":{"title":"efm - L\u0130DER OTOMOT\u0130V","robots":{"index":"index","follow":"follow","max-snippet":"max-snippet:-1","max-image-preview":"max-image-preview:large","max-video-preview":"max-video-preview:-1"},"canonical":"http:\/\/liderotomotiv.com.tr\/index.php\/efm\/","og_locale":"tr_TR","og_type":"article","og_title":"efm - L\u0130DER OTOMOT\u0130V","og_description":"STAR STOP TEKNOLOJ\u0130S\u0130 AGM \u0130LER\u0130 TEKNOLOJ\u0130S\u0130 EFM GEL\u0130\u015eM\u0130\u015e TEKNOLOJ\u0130S\u0130 EFM GEL\u0130\u015eM\u0130\u015e TEKNOLOJ\u0130S\u0130 VARTA\u00ae\u00a0otomotiv ve ticari ara\u00e7 uygulamalar\u0131 i\u00e7in standart kur\u015fun-asit ak\u00fclerine k\u0131yasla \u00fcst\u00fcn bir g\u00fcvenilirlik ve performans sa\u011flayan geli\u015fmi\u015f sulu ak\u00fc (EFB) \u00fcr\u00fcnlerini sunmaktad\u0131r. Ak\u00fclerimiz m\u00fc\u015fterilerimizin bireysel ihtiya\u00e7lar\u0131n\u0131 kar\u015f\u0131layacak \u015fekilde tasarlanm\u0131\u015ft\u0131r ve en y\u00fcksek kalite standartlar\u0131n\u0131 kar\u015f\u0131lamak \u00fczere Avrupa \u00e7ap\u0131ndaki tesislerde \u00fcretilmektedir. Otomobiller i\u00e7in EFBRead More","og_url":"http:\/\/liderotomotiv.com.tr\/index.php\/efm\/","og_site_name":"L\u0130DER OTOMOT\u0130V","article_modified_time":"2021-11-05T09:31:02+00:00","og_image":[{"url":"http:\/\/liderotomotiv.com.tr\/wp-content\/uploads\/2021\/11\/Technology_AGM_2080x700-2-1024x345.jpg"}],"twitter_card":"summary_large_image","twitter_misc":{"Tahmini okuma s\u00fcresi":"3 dakika"},"schema":{"@context":"https:\/\/schema.org","@graph":[{"@type":"WebSite","@id":"http:\/\/liderotomotiv.com.tr\/#website","url":"http:\/\/liderotomotiv.com.tr\/","name":"L\u0130DER OTOMOT\u0130V","description":"","potentialAction":[{"@type":"SearchAction","target":{"@type":"EntryPoint","urlTemplate":"http:\/\/liderotomotiv.com.tr\/?s={search_term_string}"},"query-input":"required name=search_term_string"}],"inLanguage":"tr"},{"@type":"ImageObject","@id":"http:\/\/liderotomotiv.com.tr\/index.php\/efm\/#primaryimage","inLanguage":"tr","url":"http:\/\/liderotomotiv.com.tr\/wp-content\/uploads\/2021\/11\/Technology_AGM_2080x700-2.jpg","contentUrl":"http:\/\/liderotomotiv.com.tr\/wp-content\/uploads\/2021\/11\/Technology_AGM_2080x700-2.jpg","width":2080,"height":700},{"@type":"WebPage","@id":"http:\/\/liderotomotiv.com.tr\/index.php\/efm\/#webpage","url":"http:\/\/liderotomotiv.com.tr\/index.php\/efm\/","name":"efm - L\u0130DER OTOMOT\u0130V","isPartOf":{"@id":"http:\/\/liderotomotiv.com.tr\/#website"},"primaryImageOfPage":{"@id":"http:\/\/liderotomotiv.com.tr\/index.php\/efm\/#primaryimage"},"datePublished":"2021-11-05T09:19:29+00:00","dateModified":"2021-11-05T09:31:02+00:00","breadcrumb":{"@id":"http:\/\/liderotomotiv.com.tr\/index.php\/efm\/#breadcrumb"},"inLanguage":"tr","potentialAction":[{"@type":"ReadAction","target":["http:\/\/liderotomotiv.com.tr\/index.php\/efm\/"]}]},{"@type":"BreadcrumbList","@id":"http:\/\/liderotomotiv.com.tr\/index.php\/efm\/#breadcrumb","itemListElement":[{"@type":"ListItem","position":1,"name":"Anasayfa","item":"http:\/\/liderotomotiv.com.tr\/"},{"@type":"ListItem","position":2,"name":"efm"}]}]}},"_links":{"self":[{"href":"http:\/\/liderotomotiv.com.tr\/index.php\/wp-json\/wp\/v2\/pages\/604"}],"collection":[{"href":"http:\/\/liderotomotiv.com.tr\/index.php\/wp-json\/wp\/v2\/pages"}],"about":[{"href":"http:\/\/liderotomotiv.com.tr\/index.php\/wp-json\/wp\/v2\/types\/page"}],"author":[{"embeddable":true,"href":"http:\/\/liderotomotiv.com.tr\/index.php\/wp-json\/wp\/v2\/users\/1"}],"replies":[{"embeddable":true,"href":"http:\/\/liderotomotiv.com.tr\/index.php\/wp-json\/wp\/v2\/comments?post=604"}],"version-history":[{"count":10,"href":"http:\/\/liderotomotiv.com.tr\/index.php\/wp-json\/wp\/v2\/pages\/604\/revisions"}],"predecessor-version":[{"id":618,"href":"http:\/\/liderotomotiv.com.tr\/index.php\/wp-json\/wp\/v2\/pages\/604\/revisions\/618"}],"wp:attachment":[{"href":"http:\/\/liderotomotiv.com.tr\/index.php\/wp-json\/wp\/v2\/media?parent=604"}],"curies":[{"name":"wp","href":"https:\/\/api.w.org\/{rel}","templated":true}]}}